{"id":1434,"date":"2024-03-15T18:05:14","date_gmt":"2024-03-15T18:05:14","guid":{"rendered":"https:\/\/kioz.be\/analyse-dautonomie-energetique\/"},"modified":"2024-09-26T09:29:45","modified_gmt":"2024-09-26T09:29:45","slug":"analyse-dautonomie-energetique","status":"publish","type":"page","link":"https:\/\/kioz.be\/fr\/analyse-dautonomie-energetique\/","title":{"rendered":"Faire le scan \u00e9nerg\u00e9tique"},"content":{"rendered":"\t\t<div data-elementor-type=\"wp-page\" data-elementor-id=\"1434\" class=\"elementor elementor-1434 elementor-1386\" data-elementor-post-type=\"page\">\n\t\t\t\t<div class=\"elementor-element elementor-element-7febd33 e-flex e-con-boxed e-con e-parent\" data-id=\"7febd33\" data-element_type=\"container\" data-e-type=\"container\">\n\t\t\t\t\t<div class=\"e-con-inner\">\n\t\t<div class=\"elementor-element elementor-element-b061012 e-con-full e-flex e-con e-parent\" data-id=\"b061012\" data-element_type=\"container\" data-e-type=\"container\">\n\t\t\t\t<div class=\"elementor-element elementor-element-07f09b9 elementor-widget elementor-widget-heading\" data-id=\"07f09b9\" data-element_type=\"widget\" data-e-type=\"widget\" data-widget_type=\"heading.default\">\n\t\t\t\t<div class=\"elementor-widget-container\">\n\t\t\t\t\t<h2 class=\"elementor-heading-title elementor-size-default\">Vous vous demandez si votre entreprise\n<span>peut devenir ind\u00e9pendante<\/span>\nau niveau \u00e9lectrique?<\/h2>\t\t\t\t<\/div>\n\t\t\t\t<\/div>\n\t\t\t\t<div class=\"elementor-element elementor-element-55b6412 elementor-widget elementor-widget-text-editor\" data-id=\"55b6412\" data-element_type=\"widget\" data-e-type=\"widget\" data-widget_type=\"text-editor.default\">\n\t\t\t\t<div class=\"elementor-widget-container\">\n\t\t\t\t\t\t\t\t\t<p>A l\u2019aide des donn\u00e9es ci-dessous, nous ferons l\u2019analyse gratuitement et vous contacterons!<\/p>\n\t\t\t\t\t\t\t\t<\/div>\n\t\t\t\t<\/div>\n\t\t\t\t<\/div>\n\t\t<div class=\"elementor-element elementor-element-2c2d613 e-con-full e-flex e-con e-parent\" data-id=\"2c2d613\" data-element_type=\"container\" data-e-type=\"container\">\n\t\t\t\t<div class=\"elementor-element elementor-element-e7ef4d0 elementor-button-align-start elementor-widget elementor-widget-form\" data-id=\"e7ef4d0\" data-element_type=\"widget\" data-e-type=\"widget\" data-settings=\"{&quot;step_next_label&quot;:&quot;Suivant&quot;,&quot;step_previous_label&quot;:&quot;Pr\\u00e9c\\u00e9dent&quot;,&quot;button_width&quot;:&quot;100&quot;,&quot;step_type&quot;:&quot;number_text&quot;,&quot;step_icon_shape&quot;:&quot;circle&quot;}\" data-widget_type=\"form.default\">\n\t\t\t\t<div class=\"elementor-widget-container\">\n\t\t\t\t\t\t\t<form class=\"elementor-form\" method=\"post\" id=\"contactformulier\" name=\"Formulaire de contact\" aria-label=\"Formulaire de contact\">\n\t\t\t<input type=\"hidden\" name=\"post_id\" value=\"1434\"\/>\n\t\t\t<input type=\"hidden\" name=\"form_id\" value=\"e7ef4d0\"\/>\n\t\t\t<input type=\"hidden\" name=\"referer_title\" value=\"Faire le scan \u00e9nerg\u00e9tique - Kioz\" \/>\n\n\t\t\t\t\t\t\t<input type=\"hidden\" name=\"queried_id\" value=\"1434\"\/>\n\t\t\t\n\t\t\t<div class=\"elementor-form-fields-wrapper elementor-labels-\">\n\t\t\t\t\t\t\t\t<div class=\"elementor-field-type-text elementor-field-group elementor-column elementor-field-group-voornaam elementor-col-100 elementor-field-required\">\n\t\t\t\t\t\t\t\t\t\t\t\t<label for=\"form-field-voornaam\" class=\"elementor-field-label elementor-screen-only\">\n\t\t\t\t\t\t\t\tPr\u00e9nom\t\t\t\t\t\t\t<\/label>\n\t\t\t\t\t\t\t\t\t\t\t\t\t\t<input size=\"1\" type=\"text\" name=\"form_fields[voornaam]\" id=\"form-field-voornaam\" class=\"elementor-field elementor-size-sm  elementor-field-textual\" placeholder=\"Pr\u00e9nom\" required=\"required\">\n\t\t\t\t\t\t\t\t\t\t\t<\/div>\n\t\t\t\t\t\t\t\t<div class=\"elementor-field-type-text elementor-field-group elementor-column elementor-field-group-naam elementor-col-100 elementor-field-required\">\n\t\t\t\t\t\t\t\t\t\t\t\t<label for=\"form-field-naam\" class=\"elementor-field-label elementor-screen-only\">\n\t\t\t\t\t\t\t\tNom\t\t\t\t\t\t\t<\/label>\n\t\t\t\t\t\t\t\t\t\t\t\t\t\t<input size=\"1\" type=\"text\" name=\"form_fields[naam]\" id=\"form-field-naam\" class=\"elementor-field elementor-size-sm  elementor-field-textual\" placeholder=\"Nom\" required=\"required\">\n\t\t\t\t\t\t\t\t\t\t\t<\/div>\n\t\t\t\t\t\t\t\t<div class=\"elementor-field-type-text elementor-field-group elementor-column elementor-field-group-straat elementor-col-100 elementor-field-required\">\n\t\t\t\t\t\t\t\t\t\t\t\t<label for=\"form-field-straat\" class=\"elementor-field-label elementor-screen-only\">\n\t\t\t\t\t\t\t\tRue\t\t\t\t\t\t\t<\/label>\n\t\t\t\t\t\t\t\t\t\t\t\t\t\t<input size=\"1\" type=\"text\" name=\"form_fields[straat]\" id=\"form-field-straat\" class=\"elementor-field elementor-size-sm  elementor-field-textual\" placeholder=\"Rue\" required=\"required\">\n\t\t\t\t\t\t\t\t\t\t\t<\/div>\n\t\t\t\t\t\t\t\t<div class=\"elementor-field-type-text elementor-field-group elementor-column elementor-field-group-nummer elementor-col-100 elementor-field-required\">\n\t\t\t\t\t\t\t\t\t\t\t\t<label for=\"form-field-nummer\" class=\"elementor-field-label elementor-screen-only\">\n\t\t\t\t\t\t\t\tNum\u00e9ro\t\t\t\t\t\t\t<\/label>\n\t\t\t\t\t\t\t\t\t\t\t\t\t\t<input size=\"1\" type=\"text\" name=\"form_fields[nummer]\" id=\"form-field-nummer\" class=\"elementor-field elementor-size-sm  elementor-field-textual\" placeholder=\"Num\u00e9ro\" required=\"required\">\n\t\t\t\t\t\t\t\t\t\t\t<\/div>\n\t\t\t\t\t\t\t\t<div class=\"elementor-field-type-text elementor-field-group elementor-column elementor-field-group-postcode elementor-col-100 elementor-field-required\">\n\t\t\t\t\t\t\t\t\t\t\t\t<label for=\"form-field-postcode\" class=\"elementor-field-label elementor-screen-only\">\n\t\t\t\t\t\t\t\tCode Postale\t\t\t\t\t\t\t<\/label>\n\t\t\t\t\t\t\t\t\t\t\t\t\t\t<input size=\"1\" type=\"text\" name=\"form_fields[postcode]\" id=\"form-field-postcode\" class=\"elementor-field elementor-size-sm  elementor-field-textual\" placeholder=\"Code Postale\" required=\"required\">\n\t\t\t\t\t\t\t\t\t\t\t<\/div>\n\t\t\t\t\t\t\t\t<div class=\"elementor-field-type-text elementor-field-group elementor-column elementor-field-group-stad elementor-col-100 elementor-field-required\">\n\t\t\t\t\t\t\t\t\t\t\t\t<label for=\"form-field-stad\" class=\"elementor-field-label elementor-screen-only\">\n\t\t\t\t\t\t\t\tVille\/Commune\t\t\t\t\t\t\t<\/label>\n\t\t\t\t\t\t\t\t\t\t\t\t\t\t<input size=\"1\" type=\"text\" name=\"form_fields[stad]\" id=\"form-field-stad\" class=\"elementor-field elementor-size-sm  elementor-field-textual\" placeholder=\"Ville\/Commune\" required=\"required\">\n\t\t\t\t\t\t\t\t\t\t\t<\/div>\n\t\t\t\t\t\t\t\t<div class=\"elementor-field-type-text elementor-field-group elementor-column elementor-field-group-gsm elementor-col-100 elementor-field-required\">\n\t\t\t\t\t\t\t\t\t\t\t\t<label for=\"form-field-gsm\" class=\"elementor-field-label elementor-screen-only\">\n\t\t\t\t\t\t\t\tGSM\t\t\t\t\t\t\t<\/label>\n\t\t\t\t\t\t\t\t\t\t\t\t\t\t<input size=\"1\" type=\"text\" name=\"form_fields[gsm]\" id=\"form-field-gsm\" class=\"elementor-field elementor-size-sm  elementor-field-textual\" placeholder=\"GSM\" required=\"required\">\n\t\t\t\t\t\t\t\t\t\t\t<\/div>\n\t\t\t\t\t\t\t\t<div class=\"elementor-field-type-email elementor-field-group elementor-column elementor-field-group-email elementor-col-100 elementor-field-required\">\n\t\t\t\t\t\t\t\t\t\t\t\t<label for=\"form-field-email\" class=\"elementor-field-label elementor-screen-only\">\n\t\t\t\t\t\t\t\tE-mail\t\t\t\t\t\t\t<\/label>\n\t\t\t\t\t\t\t\t\t\t\t\t\t\t<input size=\"1\" type=\"email\" name=\"form_fields[email]\" id=\"form-field-email\" class=\"elementor-field elementor-size-sm  elementor-field-textual\" placeholder=\"E-mail\" required=\"required\">\n\t\t\t\t\t\t\t\t\t\t\t<\/div>\n\t\t\t\t\t\t\t\t<div class=\"elementor-field-type-html elementor-field-group elementor-column elementor-field-group-field_e74c6cb elementor-col-100\">\n\t\t\t\t\t<span style=\"display:inline-block;margin-top: 18px;font-weight:500\">Activit\u00e9?<\/span><\/b>\t\t\t\t<\/div>\n\t\t\t\t\t\t\t\t<div class=\"elementor-field-type-radio elementor-field-group elementor-column elementor-field-group-activiteit elementor-col-100 elementor-field-required\">\n\t\t\t\t\t\t\t\t\t\t\t\t<label for=\"form-field-activiteit\" class=\"elementor-field-label elementor-screen-only\">\n\t\t\t\t\t\t\t\tActivit\u00e9?\t\t\t\t\t\t\t<\/label>\n\t\t\t\t\t\t<div class=\"elementor-field-subgroup  elementor-subgroup-inline\"><span class=\"elementor-field-option\"><input type=\"radio\" value=\"bovins\" id=\"form-field-activiteit-0\" name=\"form_fields[activiteit]\" required=\"required\"> <label for=\"form-field-activiteit-0\">bovins<\/label><\/span><span class=\"elementor-field-option\"><input type=\"radio\" value=\"volailles\" id=\"form-field-activiteit-1\" name=\"form_fields[activiteit]\" required=\"required\"> <label for=\"form-field-activiteit-1\">volailles<\/label><\/span><span class=\"elementor-field-option\"><input type=\"radio\" value=\"porcs\" id=\"form-field-activiteit-2\" name=\"form_fields[activiteit]\" required=\"required\"> <label for=\"form-field-activiteit-2\">porcs<\/label><\/span><span class=\"elementor-field-option\"><input type=\"radio\" value=\"cultures arables\" id=\"form-field-activiteit-3\" name=\"form_fields[activiteit]\" required=\"required\"> <label for=\"form-field-activiteit-3\">cultures arables<\/label><\/span><span class=\"elementor-field-option\"><input type=\"radio\" value=\"autres\" id=\"form-field-activiteit-4\" name=\"form_fields[activiteit]\" required=\"required\"> <label for=\"form-field-activiteit-4\">autres<\/label><\/span><\/div>\t\t\t\t<\/div>\n\t\t\t\t\t\t\t\t<div class=\"elementor-field-type-html elementor-field-group elementor-column elementor-field-group-field_a184ca2 elementor-col-100\">\n\t\t\t\t\t<span style=\"display:inline-block;margin-top: 18px;font-weight:500\">Cabine mi-tension pr\u00e9sente?<\/span><\/b>\t\t\t\t<\/div>\n\t\t\t\t\t\t\t\t<div class=\"elementor-field-type-radio elementor-field-group elementor-column elementor-field-group-middenspanningscabine elementor-col-100 elementor-field-required\">\n\t\t\t\t\t\t\t\t\t\t\t\t<label for=\"form-field-middenspanningscabine\" class=\"elementor-field-label elementor-screen-only\">\n\t\t\t\t\t\t\t\tCabine mi-tension pr\u00e9sente?\t\t\t\t\t\t\t<\/label>\n\t\t\t\t\t\t<div class=\"elementor-field-subgroup  elementor-subgroup-inline\"><span class=\"elementor-field-option\"><input type=\"radio\" value=\"oui\" id=\"form-field-middenspanningscabine-0\" name=\"form_fields[middenspanningscabine]\" required=\"required\"> <label for=\"form-field-middenspanningscabine-0\">oui<\/label><\/span><span class=\"elementor-field-option\"><input type=\"radio\" value=\"non\" id=\"form-field-middenspanningscabine-1\" name=\"form_fields[middenspanningscabine]\" required=\"required\"> <label for=\"form-field-middenspanningscabine-1\">non<\/label><\/span><\/div>\t\t\t\t<\/div>\n\t\t\t\t\t\t\t\t<div class=\"elementor-field-type-text elementor-field-group elementor-column elementor-field-group-aantal_kva elementor-col-100\">\n\t\t\t\t\t\t\t\t\t\t\t\t<label for=\"form-field-aantal_kva\" class=\"elementor-field-label elementor-screen-only\">\n\t\t\t\t\t\t\t\tnombre de kva:\t\t\t\t\t\t\t<\/label>\n\t\t\t\t\t\t\t\t\t\t\t\t\t\t<input size=\"1\" type=\"text\" name=\"form_fields[aantal_kva]\" id=\"form-field-aantal_kva\" class=\"elementor-field elementor-size-sm  elementor-field-textual\" placeholder=\"nombre de kva:\">\n\t\t\t\t\t\t\t\t\t\t\t<\/div>\n\t\t\t\t\t\t\t\t<div class=\"elementor-field-type-html elementor-field-group elementor-column elementor-field-group-field_f38a66b elementor-col-100\">\n\t\t\t\t\t<span style=\"display:inline-block;margin-top: 18px;font-weight:500\">Disposez-vous d\u00e9j\u00e0 d\u2019un syst\u00e8me de production d\u2019\u00e9nergie sur place ?<\/span><\/b>\t\t\t\t<\/div>\n\t\t\t\t\t\t\t\t<div class=\"elementor-field-type-radio elementor-field-group elementor-column elementor-field-group-energieopwekking elementor-col-100\">\n\t\t\t\t\t\t\t\t\t\t\t\t<label for=\"form-field-energieopwekking\" class=\"elementor-field-label elementor-screen-only\">\n\t\t\t\t\t\t\t\tDisposez-vous d\u00e9j\u00e0 d\u2019un syst\u00e8me de production d\u2019\u00e9nergie sur place ?\t\t\t\t\t\t\t<\/label>\n\t\t\t\t\t\t<div class=\"elementor-field-subgroup  elementor-subgroup-inline\"><span class=\"elementor-field-option\"><input type=\"radio\" value=\"solaire\" id=\"form-field-energieopwekking-0\" name=\"form_fields[energieopwekking]\"> <label for=\"form-field-energieopwekking-0\">solaire<\/label><\/span><span class=\"elementor-field-option\"><input type=\"radio\" value=\"\u00e9olienne\" id=\"form-field-energieopwekking-1\" name=\"form_fields[energieopwekking]\"> <label for=\"form-field-energieopwekking-1\">\u00e9olienne<\/label><\/span><span class=\"elementor-field-option\"><input type=\"radio\" value=\"biomasse\" id=\"form-field-energieopwekking-2\" name=\"form_fields[energieopwekking]\"> <label for=\"form-field-energieopwekking-2\">biomasse<\/label><\/span><\/div>\t\t\t\t<\/div>\n\t\t\t\t\t\t\t\t<div class=\"elementor-field-type-text elementor-field-group elementor-column elementor-field-group-energieopwekking_andere elementor-col-100\">\n\t\t\t\t\t\t\t\t\t\t\t\t<label for=\"form-field-energieopwekking_andere\" class=\"elementor-field-label elementor-screen-only\">\n\t\t\t\t\t\t\t\tautre\t\t\t\t\t\t\t<\/label>\n\t\t\t\t\t\t\t\t\t\t\t\t\t\t<input size=\"1\" type=\"text\" name=\"form_fields[energieopwekking_andere]\" id=\"form-field-energieopwekking_andere\" class=\"elementor-field elementor-size-sm  elementor-field-textual\" placeholder=\"autre:\">\n\t\t\t\t\t\t\t\t\t\t\t<\/div>\n\t\t\t\t\t\t\t\t<div class=\"elementor-field-type-recaptcha_v3 elementor-field-group elementor-column elementor-field-group-field_ee7b16d elementor-col-100 recaptcha_v3-bottomright\">\n\t\t\t\t\t<div class=\"elementor-field\" id=\"form-field-field_ee7b16d\"><div class=\"elementor-g-recaptcha\" data-sitekey=\"6LfWSZopAAAAANMKYBdmLw5JITRJ_MG7ZLSrM81A\" data-type=\"v3\" data-action=\"Form\" data-badge=\"bottomright\" data-size=\"invisible\"><\/div><\/div>\t\t\t\t<\/div>\n\t\t\t\t\t\t\t\t<div class=\"elementor-field-group elementor-column elementor-field-type-submit elementor-col-100 e-form__buttons\">\n\t\t\t\t\t<button class=\"elementor-button elementor-size-sm\" type=\"submit\">\n\t\t\t\t\t\t<span class=\"elementor-button-content-wrapper\">\n\t\t\t\t\t\t\t\t\t\t\t\t\t\t\t\t\t\t\t\t\t\t<span class=\"elementor-button-text\">Envoyez votre message<\/span>\n\t\t\t\t\t\t\t\t\t\t\t\t\t<\/span>\n\t\t\t\t\t<\/button>\n\t\t\t\t<\/div>\n\t\t\t<\/div>\n\t\t<\/form>\n\t\t\t\t\t\t<\/div>\n\t\t\t\t<\/div>\n\t\t\t\t<\/div>\n\t\t\t\t\t<\/div>\n\t\t\t\t<\/div>\n\t\t\t\t<\/div>\n\t\t","protected":false},"excerpt":{"rendered":"<p>Vous vous demandez si votre entreprise peut devenir ind\u00e9pendante au niveau \u00e9lectrique? A l\u2019aide des donn\u00e9es ci-dessous, nous ferons l\u2019analyse gratuitement et vous contacterons!<\/p>\n","protected":false},"author":1,"featured_media":0,"parent":0,"menu_order":0,"comment_status":"closed","ping_status":"closed","template":"","meta":{"_acf_changed":false,"footnotes":""},"class_list":["post-1434","page","type-page","status-publish","hentry"],"acf":[],"yoast_head":"<!-- This site is optimized with the Yoast SEO plugin v27.5 - https:\/\/yoast.com\/product\/yoast-seo-wordpress\/ -->\n<title>Faire le scan \u00e9nerg\u00e9tique - Kioz<\/title>\n<meta name=\"robots\" content=\"index, follow, max-snippet:-1, max-image-preview:large, max-video-preview:-1\" \/>\n<link rel=\"canonical\" href=\"https:\/\/kioz.be\/fr\/analyse-dautonomie-energetique\/\" \/>\n<meta property=\"og:locale\" content=\"fr_FR\" \/>\n<meta property=\"og:type\" content=\"article\" \/>\n<meta property=\"og:title\" content=\"Faire le scan \u00e9nerg\u00e9tique - Kioz\" \/>\n<meta property=\"og:description\" content=\"Vous vous demandez si votre entreprise peut devenir ind\u00e9pendante au niveau \u00e9lectrique? A l\u2019aide des donn\u00e9es ci-dessous, nous ferons l\u2019analyse gratuitement et vous contacterons!\" \/>\n<meta property=\"og:url\" content=\"https:\/\/kioz.be\/fr\/analyse-dautonomie-energetique\/\" \/>\n<meta property=\"og:site_name\" content=\"Kioz\" \/>\n<meta property=\"article:publisher\" content=\"https:\/\/www.facebook.com\/profile.php?id=100094411551257\" \/>\n<meta property=\"article:modified_time\" content=\"2024-09-26T09:29:45+00:00\" \/>\n<meta name=\"twitter:card\" content=\"summary_large_image\" \/>\n<script type=\"application\/ld+json\" class=\"yoast-schema-graph\">{\"@context\":\"https:\\\/\\\/schema.org\",\"@graph\":[{\"@type\":\"WebPage\",\"@id\":\"https:\\\/\\\/kioz.be\\\/fr\\\/analyse-dautonomie-energetique\\\/\",\"url\":\"https:\\\/\\\/kioz.be\\\/fr\\\/analyse-dautonomie-energetique\\\/\",\"name\":\"Faire le scan \u00e9nerg\u00e9tique - Kioz\",\"isPartOf\":{\"@id\":\"https:\\\/\\\/kioz.be\\\/fr\\\/#website\"},\"datePublished\":\"2024-03-15T18:05:14+00:00\",\"dateModified\":\"2024-09-26T09:29:45+00:00\",\"breadcrumb\":{\"@id\":\"https:\\\/\\\/kioz.be\\\/fr\\\/analyse-dautonomie-energetique\\\/#breadcrumb\"},\"inLanguage\":\"fr-FR\",\"potentialAction\":[{\"@type\":\"ReadAction\",\"target\":[\"https:\\\/\\\/kioz.be\\\/fr\\\/analyse-dautonomie-energetique\\\/\"]}]},{\"@type\":\"BreadcrumbList\",\"@id\":\"https:\\\/\\\/kioz.be\\\/fr\\\/analyse-dautonomie-energetique\\\/#breadcrumb\",\"itemListElement\":[{\"@type\":\"ListItem\",\"position\":1,\"name\":\"Home\",\"item\":\"https:\\\/\\\/kioz.be\\\/fr\\\/\"},{\"@type\":\"ListItem\",\"position\":2,\"name\":\"Faire le scan \u00e9nerg\u00e9tique\"}]},{\"@type\":\"WebSite\",\"@id\":\"https:\\\/\\\/kioz.be\\\/fr\\\/#website\",\"url\":\"https:\\\/\\\/kioz.be\\\/fr\\\/\",\"name\":\"Kioz\",\"description\":\"\",\"publisher\":{\"@id\":\"https:\\\/\\\/kioz.be\\\/fr\\\/#organization\"},\"potentialAction\":[{\"@type\":\"SearchAction\",\"target\":{\"@type\":\"EntryPoint\",\"urlTemplate\":\"https:\\\/\\\/kioz.be\\\/fr\\\/?s={search_term_string}\"},\"query-input\":{\"@type\":\"PropertyValueSpecification\",\"valueRequired\":true,\"valueName\":\"search_term_string\"}}],\"inLanguage\":\"fr-FR\"},{\"@type\":\"Organization\",\"@id\":\"https:\\\/\\\/kioz.be\\\/fr\\\/#organization\",\"name\":\"Kioz\",\"url\":\"https:\\\/\\\/kioz.be\\\/fr\\\/\",\"logo\":{\"@type\":\"ImageObject\",\"inLanguage\":\"fr-FR\",\"@id\":\"https:\\\/\\\/kioz.be\\\/fr\\\/#\\\/schema\\\/logo\\\/image\\\/\",\"url\":\"https:\\\/\\\/kioz.be\\\/wp-content\\\/uploads\\\/2023\\\/08\\\/kioz-logo-1.svg\",\"contentUrl\":\"https:\\\/\\\/kioz.be\\\/wp-content\\\/uploads\\\/2023\\\/08\\\/kioz-logo-1.svg\",\"width\":190,\"height\":81,\"caption\":\"Kioz\"},\"image\":{\"@id\":\"https:\\\/\\\/kioz.be\\\/fr\\\/#\\\/schema\\\/logo\\\/image\\\/\"},\"sameAs\":[\"https:\\\/\\\/www.facebook.com\\\/profile.php?id=100094411551257\",\"https:\\\/\\\/www.instagram.com\\\/kiozenergy\",\"https:\\\/\\\/www.linkedin.com\\\/company\\\/kiozenergy\\\/\"]}]}<\/script>\n<!-- \/ Yoast SEO plugin. -->","yoast_head_json":{"title":"Faire le scan \u00e9nerg\u00e9tique - Kioz","robots":{"index":"index","follow":"follow","max-snippet":"max-snippet:-1","max-image-preview":"max-image-preview:large","max-video-preview":"max-video-preview:-1"},"canonical":"https:\/\/kioz.be\/fr\/analyse-dautonomie-energetique\/","og_locale":"fr_FR","og_type":"article","og_title":"Faire le scan \u00e9nerg\u00e9tique - Kioz","og_description":"Vous vous demandez si votre entreprise peut devenir ind\u00e9pendante au niveau \u00e9lectrique? A l\u2019aide des donn\u00e9es ci-dessous, nous ferons l\u2019analyse gratuitement et vous contacterons!","og_url":"https:\/\/kioz.be\/fr\/analyse-dautonomie-energetique\/","og_site_name":"Kioz","article_publisher":"https:\/\/www.facebook.com\/profile.php?id=100094411551257","article_modified_time":"2024-09-26T09:29:45+00:00","twitter_card":"summary_large_image","schema":{"@context":"https:\/\/schema.org","@graph":[{"@type":"WebPage","@id":"https:\/\/kioz.be\/fr\/analyse-dautonomie-energetique\/","url":"https:\/\/kioz.be\/fr\/analyse-dautonomie-energetique\/","name":"Faire le scan \u00e9nerg\u00e9tique - Kioz","isPartOf":{"@id":"https:\/\/kioz.be\/fr\/#website"},"datePublished":"2024-03-15T18:05:14+00:00","dateModified":"2024-09-26T09:29:45+00:00","breadcrumb":{"@id":"https:\/\/kioz.be\/fr\/analyse-dautonomie-energetique\/#breadcrumb"},"inLanguage":"fr-FR","potentialAction":[{"@type":"ReadAction","target":["https:\/\/kioz.be\/fr\/analyse-dautonomie-energetique\/"]}]},{"@type":"BreadcrumbList","@id":"https:\/\/kioz.be\/fr\/analyse-dautonomie-energetique\/#breadcrumb","itemListElement":[{"@type":"ListItem","position":1,"name":"Home","item":"https:\/\/kioz.be\/fr\/"},{"@type":"ListItem","position":2,"name":"Faire le scan \u00e9nerg\u00e9tique"}]},{"@type":"WebSite","@id":"https:\/\/kioz.be\/fr\/#website","url":"https:\/\/kioz.be\/fr\/","name":"Kioz","description":"","publisher":{"@id":"https:\/\/kioz.be\/fr\/#organization"},"potentialAction":[{"@type":"SearchAction","target":{"@type":"EntryPoint","urlTemplate":"https:\/\/kioz.be\/fr\/?s={search_term_string}"},"query-input":{"@type":"PropertyValueSpecification","valueRequired":true,"valueName":"search_term_string"}}],"inLanguage":"fr-FR"},{"@type":"Organization","@id":"https:\/\/kioz.be\/fr\/#organization","name":"Kioz","url":"https:\/\/kioz.be\/fr\/","logo":{"@type":"ImageObject","inLanguage":"fr-FR","@id":"https:\/\/kioz.be\/fr\/#\/schema\/logo\/image\/","url":"https:\/\/kioz.be\/wp-content\/uploads\/2023\/08\/kioz-logo-1.svg","contentUrl":"https:\/\/kioz.be\/wp-content\/uploads\/2023\/08\/kioz-logo-1.svg","width":190,"height":81,"caption":"Kioz"},"image":{"@id":"https:\/\/kioz.be\/fr\/#\/schema\/logo\/image\/"},"sameAs":["https:\/\/www.facebook.com\/profile.php?id=100094411551257","https:\/\/www.instagram.com\/kiozenergy","https:\/\/www.linkedin.com\/company\/kiozenergy\/"]}]}},"_links":{"self":[{"href":"https:\/\/kioz.be\/fr\/wp-json\/wp\/v2\/pages\/1434","targetHints":{"allow":["GET"]}}],"collection":[{"href":"https:\/\/kioz.be\/fr\/wp-json\/wp\/v2\/pages"}],"about":[{"href":"https:\/\/kioz.be\/fr\/wp-json\/wp\/v2\/types\/page"}],"author":[{"embeddable":true,"href":"https:\/\/kioz.be\/fr\/wp-json\/wp\/v2\/users\/1"}],"replies":[{"embeddable":true,"href":"https:\/\/kioz.be\/fr\/wp-json\/wp\/v2\/comments?post=1434"}],"version-history":[{"count":5,"href":"https:\/\/kioz.be\/fr\/wp-json\/wp\/v2\/pages\/1434\/revisions"}],"predecessor-version":[{"id":1787,"href":"https:\/\/kioz.be\/fr\/wp-json\/wp\/v2\/pages\/1434\/revisions\/1787"}],"wp:attachment":[{"href":"https:\/\/kioz.be\/fr\/wp-json\/wp\/v2\/media?parent=1434"}],"curies":[{"name":"wp","href":"https:\/\/api.w.org\/{rel}","templated":true}]}}