{"id":908,"date":"2023-08-31T08:57:48","date_gmt":"2023-08-31T08:57:48","guid":{"rendered":"https:\/\/kioz.galia.be\/a-propos-de-nous\/"},"modified":"2024-09-06T09:36:03","modified_gmt":"2024-09-06T09:36:03","slug":"a-propos-de-nous","status":"publish","type":"page","link":"https:\/\/kioz.be\/fr\/a-propos-de-nous\/","title":{"rendered":"\u00c0 propos de nous"},"content":{"rendered":"\t\t<div data-elementor-type=\"wp-page\" data-elementor-id=\"908\" class=\"elementor elementor-908 elementor-21\" data-elementor-post-type=\"page\">\n\t\t\t\t<div class=\"elementor-element elementor-element-b30236e e-flex e-con-boxed e-con e-parent\" data-id=\"b30236e\" data-element_type=\"container\" data-e-type=\"container\">\n\t\t\t\t\t<div class=\"e-con-inner\">\n\t\t<div class=\"elementor-element elementor-element-6490f37 e-con-full e-flex e-con e-parent\" data-id=\"6490f37\" data-element_type=\"container\" data-e-type=\"container\" data-settings=\"{&quot;background_background&quot;:&quot;classic&quot;}\">\n\t\t<div class=\"elementor-element elementor-element-e561926 e-con-full e-flex e-con e-parent\" data-id=\"e561926\" data-element_type=\"container\" data-e-type=\"container\">\n\t\t\t\t<\/div>\n\t\t<div class=\"elementor-element elementor-element-42b6398 e-flex e-con-boxed e-con e-parent\" data-id=\"42b6398\" data-element_type=\"container\" data-e-type=\"container\" data-settings=\"{&quot;background_background&quot;:&quot;classic&quot;}\">\n\t\t\t\t\t<div class=\"e-con-inner\">\n\t\t\t\t<div class=\"elementor-element elementor-element-0e79dd5 elementor-widget elementor-widget-text-editor\" data-id=\"0e79dd5\" data-element_type=\"widget\" data-e-type=\"widget\" data-widget_type=\"text-editor.default\">\n\t\t\t\t<div class=\"elementor-widget-container\">\n\t\t\t\t\t\t\t\t\t<p>L\u2019\u00e9nergie joue un r\u00f4le important au sein de votre entreprise, qu\u2019il s\u2019agisse de l\u2019\u00e9lectricit\u00e9 n\u00e9cessaire \u00e0 son fonctionnement ou de la marge de man\u0153uvre financi\u00e8re et personnelle requise pour tout donner et obtenir chaque jour des performances et un rendement exceptionnels.<\/p>\n\t\t\t\t\t\t\t\t<\/div>\n\t\t\t\t<\/div>\n\t\t\t\t<div class=\"elementor-element elementor-element-7d06686 elementor-widget elementor-widget-image\" data-id=\"7d06686\" data-element_type=\"widget\" data-e-type=\"widget\" data-widget_type=\"image.default\">\n\t\t\t\t<div class=\"elementor-widget-container\">\n\t\t\t\t\t\t\t\t\t\t\t\t\t\t\t\t<a href=\"#team\">\n\t\t\t\t\t\t\t<img decoding=\"async\" src=\"https:\/\/kioz.be\/wp-content\/uploads\/2023\/09\/icon-arrow-down.svg\" class=\"attachment-full size-full wp-image-477\" alt=\"\" \/>\t\t\t\t\t\t\t\t<\/a>\n\t\t\t\t\t\t\t\t\t\t\t\t\t\t\t<\/div>\n\t\t\t\t<\/div>\n\t\t\t\t\t<\/div>\n\t\t\t\t<\/div>\n\t\t\t\t<\/div>\n\t\t\t\t\t<\/div>\n\t\t\t\t<\/div>\n\t\t<div class=\"elementor-element elementor-element-2eda2c3 e-flex e-con-boxed e-con e-parent\" data-id=\"2eda2c3\" data-element_type=\"container\" data-e-type=\"container\">\n\t\t\t\t\t<div class=\"e-con-inner\">\n\t\t\t\t<div class=\"elementor-element elementor-element-f6c031f elementor-widget elementor-widget-spacer\" data-id=\"f6c031f\" data-element_type=\"widget\" data-e-type=\"widget\" data-widget_type=\"spacer.default\">\n\t\t\t\t<div class=\"elementor-widget-container\">\n\t\t\t\t\t\t\t<div class=\"elementor-spacer\">\n\t\t\t<div class=\"elementor-spacer-inner\"><\/div>\n\t\t<\/div>\n\t\t\t\t\t\t<\/div>\n\t\t\t\t<\/div>\n\t\t\t\t<div class=\"elementor-element elementor-element-5974c7f elementor-widget elementor-widget-heading\" data-id=\"5974c7f\" data-element_type=\"widget\" data-e-type=\"widget\" data-widget_type=\"heading.default\">\n\t\t\t\t<div class=\"elementor-widget-container\">\n\t\t\t\t\t<h2 class=\"elementor-heading-title elementor-size-default\"><span>Pionniers<\/span> de l'ind\u00e9pendance<br>\u00e9nerg\u00e9tique.<\/h2>\t\t\t\t<\/div>\n\t\t\t\t<\/div>\n\t\t\t\t\t<\/div>\n\t\t\t\t<\/div>\n\t\t<div class=\"elementor-element elementor-element-df02e68 e-flex e-con-boxed e-con e-parent\" data-id=\"df02e68\" data-element_type=\"container\" data-e-type=\"container\">\n\t\t\t\t\t<div class=\"e-con-inner\">\n\t\t<div class=\"elementor-element elementor-element-9a1e64d e-con-full e-flex e-con e-parent\" data-id=\"9a1e64d\" data-element_type=\"container\" data-e-type=\"container\" data-settings=\"{&quot;background_background&quot;:&quot;classic&quot;}\">\n\t\t\t\t<\/div>\n\t\t\t\t\t<\/div>\n\t\t\t\t<\/div>\n\t\t<div class=\"elementor-element elementor-element-388c411 e-flex e-con-boxed e-con e-parent\" data-id=\"388c411\" data-element_type=\"container\" data-e-type=\"container\" id=\"team\">\n\t\t\t\t\t<div class=\"e-con-inner\">\n\t\t<div class=\"elementor-element elementor-element-2a23c10 e-con-full e-flex e-con e-parent\" data-id=\"2a23c10\" data-element_type=\"container\" data-e-type=\"container\" data-settings=\"{&quot;background_background&quot;:&quot;classic&quot;}\">\n\t\t<div class=\"elementor-element elementor-element-15fda15 e-flex e-con-boxed e-con e-parent\" data-id=\"15fda15\" data-element_type=\"container\" data-e-type=\"container\">\n\t\t\t\t\t<div class=\"e-con-inner\">\n\t\t\t\t<div class=\"elementor-element elementor-element-6442204 elementor-widget elementor-widget-text-editor\" data-id=\"6442204\" data-element_type=\"widget\" data-e-type=\"widget\" data-widget_type=\"text-editor.default\">\n\t\t\t\t<div class=\"elementor-widget-container\">\n\t\t\t\t\t\t\t\t\t<p>Notre passion pour la mobilit\u00e9 hydrog\u00e8ne nous a conduits au c\u0153ur du monde de l&rsquo;\u00e9nergie. En explorant les possibilit\u00e9s de production d&rsquo;hydrog\u00e8ne \u00e0 partir de notre propre \u00e9nergie, nous avons r\u00e9alis\u00e9 qu&rsquo;il existe aujourd&rsquo;hui des opportunit\u00e9s pour devenir enti\u00e8rement autonomes en mati\u00e8re d&rsquo;approvisionnement \u00e9nerg\u00e9tique.  L&rsquo;\u00e9nergie est un fondement essentiel pour toute entreprise, et l&rsquo;id\u00e9e de devenir autosuffisant et d&rsquo;avoir acc\u00e8s \u00e0 l&rsquo;\u00e9nergie \u00e0 long terme \u00e0 un prix stable et bas est devenue une v\u00e9ritable passion.<\/p>\n<p>Nous soutenons les entreprises dans l&rsquo;atteinte d&rsquo;une autonomie \u00e9nerg\u00e9tique maximale en \u00e9tant \u00e0 la pointe du d\u00e9veloppement de solutions capables de couvrir non seulement les besoins en \u00e9lectricit\u00e9, mais aussi d&rsquo;autres besoins \u00e9nerg\u00e9tiques, tels que la mobilit\u00e9, entre autres. Nous souhaitons \u00eatre des pionniers dans la fourniture de ces solutions pour une ind\u00e9pendance \u00e9nerg\u00e9tique totale. <\/p>\n\t\t\t\t\t\t\t\t<\/div>\n\t\t\t\t<\/div>\n\t\t\t\t\t<\/div>\n\t\t\t\t<\/div>\n\t\t\t\t<\/div>\n\t\t<div class=\"elementor-element elementor-element-5d0afb9 e-con-full e-flex e-con e-parent\" data-id=\"5d0afb9\" data-element_type=\"container\" data-e-type=\"container\" data-settings=\"{&quot;background_background&quot;:&quot;classic&quot;}\">\n\t\t\t\t<div class=\"elementor-element elementor-element-85f85fb elementor-widget elementor-widget-text-editor\" data-id=\"85f85fb\" data-element_type=\"widget\" data-e-type=\"widget\" data-widget_type=\"text-editor.default\">\n\t\t\t\t<div class=\"elementor-widget-container\">\n\t\t\t\t\t\t\t\t\t<p>De plus, nous voulons \u00e9galement jeter les bases solides pour les g\u00e9n\u00e9rations futures. C&rsquo;est ainsi que nous construisons ensemble, avec enthousiasme, un monde dans lequel chacun peut entreprendre librement et heureux.  <\/p>\n\t\t\t\t\t\t\t\t<\/div>\n\t\t\t\t<\/div>\n\t\t<div class=\"elementor-element elementor-element-bfb5bcc e-flex e-con-boxed e-con e-parent\" data-id=\"bfb5bcc\" data-element_type=\"container\" data-e-type=\"container\">\n\t\t\t\t\t<div class=\"e-con-inner\">\n\t\t<div class=\"elementor-element elementor-element-eda541a e-flex e-con-boxed e-con e-parent\" data-id=\"eda541a\" data-element_type=\"container\" data-e-type=\"container\">\n\t\t\t\t\t<div class=\"e-con-inner\">\n\t\t\t\t<div class=\"elementor-element elementor-element-9249d6d elementor-widget elementor-widget-heading\" data-id=\"9249d6d\" data-element_type=\"widget\" data-e-type=\"widget\" data-widget_type=\"heading.default\">\n\t\t\t\t<div class=\"elementor-widget-container\">\n\t\t\t\t\t<h3 class=\"elementor-heading-title elementor-size-default\">Trees Loncke<\/h3>\t\t\t\t<\/div>\n\t\t\t\t<\/div>\n\t\t\t\t<div class=\"elementor-element elementor-element-00fa1e0 elementor-widget elementor-widget-text-editor\" data-id=\"00fa1e0\" data-element_type=\"widget\" data-e-type=\"widget\" data-widget_type=\"text-editor.default\">\n\t\t\t\t<div class=\"elementor-widget-container\">\n\t\t\t\t\t\t\t\t\t<p>PDG et cofondatrice<\/p>\n\t\t\t\t\t\t\t\t<\/div>\n\t\t\t\t<\/div>\n\t\t\t\t\t<\/div>\n\t\t\t\t<\/div>\n\t\t<div class=\"elementor-element elementor-element-eda5b8f e-flex e-con-boxed e-con e-parent\" data-id=\"eda5b8f\" data-element_type=\"container\" data-e-type=\"container\">\n\t\t\t\t\t<div class=\"e-con-inner\">\n\t\t\t\t<div class=\"elementor-element elementor-element-90be32f elementor-widget elementor-widget-heading\" data-id=\"90be32f\" data-element_type=\"widget\" data-e-type=\"widget\" data-widget_type=\"heading.default\">\n\t\t\t\t<div class=\"elementor-widget-container\">\n\t\t\t\t\t<h3 class=\"elementor-heading-title elementor-size-default\">Ronny Schelfhout<\/h3>\t\t\t\t<\/div>\n\t\t\t\t<\/div>\n\t\t\t\t<div class=\"elementor-element elementor-element-73a2421 elementor-widget elementor-widget-text-editor\" data-id=\"73a2421\" data-element_type=\"widget\" data-e-type=\"widget\" data-widget_type=\"text-editor.default\">\n\t\t\t\t<div class=\"elementor-widget-container\">\n\t\t\t\t\t\t\t\t\t<p>Cofondateur et responsable du d\u00e9veloppement<\/p>\n\t\t\t\t\t\t\t\t<\/div>\n\t\t\t\t<\/div>\n\t\t\t\t\t<\/div>\n\t\t\t\t<\/div>\n\t\t\t\t\t<\/div>\n\t\t\t\t<\/div>\n\t\t\t\t<\/div>\n\t\t\t\t\t<\/div>\n\t\t\t\t<\/div>\n\t\t<div class=\"elementor-element elementor-element-6b40fc0 e-flex e-con-boxed e-con e-parent\" data-id=\"6b40fc0\" data-element_type=\"container\" data-e-type=\"container\">\n\t\t\t\t\t<div class=\"e-con-inner\">\n\t\t\t\t<div class=\"elementor-element elementor-element-f66f9bb elementor-widget elementor-widget-spacer\" data-id=\"f66f9bb\" data-element_type=\"widget\" data-e-type=\"widget\" data-widget_type=\"spacer.default\">\n\t\t\t\t<div class=\"elementor-widget-container\">\n\t\t\t\t\t\t\t<div class=\"elementor-spacer\">\n\t\t\t<div class=\"elementor-spacer-inner\"><\/div>\n\t\t<\/div>\n\t\t\t\t\t\t<\/div>\n\t\t\t\t<\/div>\n\t\t\t\t\t<\/div>\n\t\t\t\t<\/div>\n\t\t<div class=\"elementor-element elementor-element-f4b2e9f e-flex e-con-boxed e-con e-parent\" data-id=\"f4b2e9f\" data-element_type=\"container\" data-e-type=\"container\">\n\t\t\t\t\t<div class=\"e-con-inner\">\n\t\t\t\t<div class=\"elementor-element elementor-element-fa29261 elementor-widget elementor-widget-shortcode\" data-id=\"fa29261\" data-element_type=\"widget\" data-e-type=\"widget\" data-widget_type=\"shortcode.default\">\n\t\t\t\t<div class=\"elementor-widget-container\">\n\t\t\t\t\t\t\t<div class=\"elementor-shortcode\"><div class=\"team-wrap\">\n\t\t\t\t\t<div class=\"team-inner\"><div class=\"team-bl\">\n\t\t\t\t<div class=\"team-img\">\n\t\t\t\t  <img decoding=\"async\" src=\"https:\/\/kioz.be\/wp-content\/uploads\/2023\/09\/Trees-crop-444x580.jpg\">\n\t\t\t\t<\/div>\n\t\t\t\t<div class=\"team-title\"><h3>Trees Loncke<\/h3><\/div><div class=\"team-func\">CEO & Co-founder<\/div><div class=\"team-mail\">\n\t\t        \t<a href=\"tel:0477 32 95 15\">0477 32 95 15<\/a>\n\t\t        <\/div><div class=\"team-phone\">\n\t        \t\t<a href=\"mailto:trees.loncke@kioz.be\">trees.loncke@kioz.be<\/a>\n\t        \t<\/div><\/div><div class=\"team-bl\">\n\t\t\t\t<div class=\"team-img\">\n\t\t\t\t  <img decoding=\"async\" src=\"https:\/\/kioz.be\/wp-content\/uploads\/2023\/09\/Ronny2-crop-444x580.jpg\">\n\t\t\t\t<\/div>\n\t\t\t\t<div class=\"team-title\"><h3>Ronny Schelfhout<\/h3><\/div><div class=\"team-func\">Co-founder & Business Developer<\/div><div class=\"team-mail\">\n\t\t        \t<a href=\"tel:0475 46 63 57\">0475 46 63 57<\/a>\n\t\t        <\/div><div class=\"team-phone\">\n\t        \t\t<a href=\"mailto:ronny.schelfhout@kioz.be\">ronny.schelfhout@kioz.be<\/a>\n\t        \t<\/div><\/div><div class=\"team-bl\">\n\t\t\t\t<div class=\"team-img\">\n\t\t\t\t  <img decoding=\"async\" src=\"https:\/\/kioz.be\/wp-content\/uploads\/2025\/09\/pasfoto-434x580.jpg\">\n\t\t\t\t<\/div>\n\t\t\t\t<div class=\"team-title\"><h3>Sven Duchatelet<\/h3><\/div><div class=\"team-func\">CTO<\/div><div class=\"team-mail\">\n\t\t        \t<a href=\"tel:0456 30 55 67\">0456 30 55 67<\/a>\n\t\t        <\/div><div class=\"team-phone\">\n\t        \t\t<a href=\"mailto:sven.duchatelet@kioz.be\">sven.duchatelet@kioz.be<\/a>\n\t        \t<\/div><\/div><div class=\"team-bl\">\n\t\t\t\t<div class=\"team-img\">\n\t\t\t\t  <img decoding=\"async\" src=\"https:\/\/kioz.be\/wp-content\/uploads\/2023\/09\/Tine-crop-444x580.jpg\">\n\t\t\t\t<\/div>\n\t\t\t\t<div class=\"team-title\"><h3>Tine Rambour<\/h3><\/div><div class=\"team-func\">COO<\/div><div class=\"team-mail\">\n\t\t        \t<a href=\"tel:0468 18 78 34\">0468 18 78 34<\/a>\n\t\t        <\/div><div class=\"team-phone\">\n\t        \t\t<a href=\"mailto:tine.rambour@kioz.be\">tine.rambour@kioz.be<\/a>\n\t        \t<\/div><\/div><div class=\"team-bl\">\n\t\t\t\t<div class=\"team-img\">\n\t\t\t\t  <img decoding=\"async\" src=\"https:\/\/kioz.be\/wp-content\/uploads\/2024\/03\/jan3-444x580-1.jpg\">\n\t\t\t\t<\/div>\n\t\t\t\t<div class=\"team-title\"><h3>Jan Vandenbroucke<\/h3><\/div><div class=\"team-func\">Project Manager<\/div><div class=\"team-mail\">\n\t\t        \t<a href=\"tel:0468 50 64 57\">0468 50 64 57<\/a>\n\t\t        <\/div><div class=\"team-phone\">\n\t        \t\t<a href=\"mailto:jan.vandenbroucke@kioz.be\">jan.vandenbroucke@kioz.be<\/a>\n\t        \t<\/div><\/div><div class=\"team-bl\">\n\t\t\t\t<div class=\"team-img\">\n\t\t\t\t  <img decoding=\"async\" src=\"https:\/\/kioz.be\/wp-content\/uploads\/2023\/08\/Arnaud-crop-444x580.jpg\">\n\t\t\t\t<\/div>\n\t\t\t\t<div class=\"team-title\"><h3>Arnaud Collard<\/h3><\/div><div class=\"team-func\">Project manager<\/div><div class=\"team-mail\">\n\t\t        \t<a href=\"tel:0472 66 95 46\">0472 66 95 46<\/a>\n\t\t        <\/div><div class=\"team-phone\">\n\t        \t\t<a href=\"mailto:arnaud.collard@kioz.be\">arnaud.collard@kioz.be<\/a>\n\t        \t<\/div><\/div><\/div><\/div><\/div>\n\t\t\t\t\t\t<\/div>\n\t\t\t\t<\/div>\n\t\t\t\t\t<\/div>\n\t\t\t\t<\/div>\n\t\t\t\t<\/div>\n\t\t","protected":false},"excerpt":{"rendered":"<p>L\u2019\u00e9nergie joue un r\u00f4le important au sein de votre entreprise, qu\u2019il s\u2019agisse de l\u2019\u00e9lectricit\u00e9 n\u00e9cessaire \u00e0 son fonctionnement ou de la marge de man\u0153uvre financi\u00e8re et personnelle requise pour tout donner et obtenir chaque jour des performances et un rendement exceptionnels. Pionniers de l&rsquo;ind\u00e9pendance\u00e9nerg\u00e9tique. Notre passion pour la mobilit\u00e9 hydrog\u00e8ne nous a conduits au c\u0153ur &hellip; <a href=\"https:\/\/kioz.be\/fr\/team\/arnaud-collard\/\" class=\"more-link\">Continue reading<span class=\"screen-reader-text\"> \u00ab\u00a0Arnaud Collard\u00a0\u00bb<\/span><\/a><\/p>\n","protected":false},"author":1,"featured_media":0,"parent":0,"menu_order":0,"comment_status":"closed","ping_status":"closed","template":"","meta":{"_acf_changed":false,"footnotes":""},"class_list":["post-908","page","type-page","status-publish","hentry"],"acf":[],"yoast_head":"<!-- This site is optimized with the Yoast SEO plugin v27.3 - https:\/\/yoast.com\/product\/yoast-seo-wordpress\/ -->\n<title>\u00c0 propos de nous - Kioz<\/title>\n<meta name=\"robots\" content=\"index, follow, max-snippet:-1, max-image-preview:large, max-video-preview:-1\" \/>\n<link rel=\"canonical\" href=\"https:\/\/kioz.be\/fr\/a-propos-de-nous\/\" \/>\n<meta property=\"og:locale\" content=\"fr_FR\" \/>\n<meta property=\"og:type\" content=\"article\" \/>\n<meta property=\"og:title\" content=\"\u00c0 propos de nous - Kioz\" \/>\n<meta property=\"og:description\" content=\"L\u2019\u00e9nergie joue un r\u00f4le important au sein de votre entreprise, qu\u2019il s\u2019agisse de l\u2019\u00e9lectricit\u00e9 n\u00e9cessaire \u00e0 son fonctionnement ou de la marge de man\u0153uvre financi\u00e8re et personnelle requise pour tout donner et obtenir chaque jour des performances et un rendement exceptionnels. Pionniers de l&rsquo;ind\u00e9pendance\u00e9nerg\u00e9tique. Notre passion pour la mobilit\u00e9 hydrog\u00e8ne nous a conduits au c\u0153ur &hellip; Continue reading &quot;Arnaud Collard&quot;\" \/>\n<meta property=\"og:url\" content=\"https:\/\/kioz.be\/fr\/a-propos-de-nous\/\" \/>\n<meta property=\"og:site_name\" content=\"Kioz\" \/>\n<meta property=\"article:publisher\" content=\"https:\/\/www.facebook.com\/profile.php?id=100094411551257\" \/>\n<meta property=\"article:modified_time\" content=\"2024-09-06T09:36:03+00:00\" \/>\n<meta name=\"twitter:card\" content=\"summary_large_image\" \/>\n<meta name=\"twitter:label1\" content=\"Dur\u00e9e de lecture estim\u00e9e\" \/>\n\t<meta name=\"twitter:data1\" content=\"1 minute\" \/>\n<script type=\"application\/ld+json\" class=\"yoast-schema-graph\">{\"@context\":\"https:\\\/\\\/schema.org\",\"@graph\":[{\"@type\":\"WebPage\",\"@id\":\"https:\\\/\\\/kioz.be\\\/fr\\\/a-propos-de-nous\\\/\",\"url\":\"https:\\\/\\\/kioz.be\\\/fr\\\/a-propos-de-nous\\\/\",\"name\":\"\u00c0 propos de nous - Kioz\",\"isPartOf\":{\"@id\":\"https:\\\/\\\/kioz.be\\\/fr\\\/#website\"},\"primaryImageOfPage\":{\"@id\":\"https:\\\/\\\/kioz.be\\\/fr\\\/a-propos-de-nous\\\/#primaryimage\"},\"image\":{\"@id\":\"https:\\\/\\\/kioz.be\\\/fr\\\/a-propos-de-nous\\\/#primaryimage\"},\"thumbnailUrl\":\"https:\\\/\\\/kioz.be\\\/wp-content\\\/uploads\\\/2023\\\/09\\\/icon-arrow-down.svg\",\"datePublished\":\"2023-08-31T08:57:48+00:00\",\"dateModified\":\"2024-09-06T09:36:03+00:00\",\"breadcrumb\":{\"@id\":\"https:\\\/\\\/kioz.be\\\/fr\\\/a-propos-de-nous\\\/#breadcrumb\"},\"inLanguage\":\"fr-FR\",\"potentialAction\":[{\"@type\":\"ReadAction\",\"target\":[\"https:\\\/\\\/kioz.be\\\/fr\\\/a-propos-de-nous\\\/\"]}]},{\"@type\":\"ImageObject\",\"inLanguage\":\"fr-FR\",\"@id\":\"https:\\\/\\\/kioz.be\\\/fr\\\/a-propos-de-nous\\\/#primaryimage\",\"url\":\"https:\\\/\\\/kioz.be\\\/wp-content\\\/uploads\\\/2023\\\/09\\\/icon-arrow-down.svg\",\"contentUrl\":\"https:\\\/\\\/kioz.be\\\/wp-content\\\/uploads\\\/2023\\\/09\\\/icon-arrow-down.svg\"},{\"@type\":\"BreadcrumbList\",\"@id\":\"https:\\\/\\\/kioz.be\\\/fr\\\/a-propos-de-nous\\\/#breadcrumb\",\"itemListElement\":[{\"@type\":\"ListItem\",\"position\":1,\"name\":\"Home\",\"item\":\"https:\\\/\\\/kioz.be\\\/fr\\\/\"},{\"@type\":\"ListItem\",\"position\":2,\"name\":\"\u00c0 propos de nous\"}]},{\"@type\":\"WebSite\",\"@id\":\"https:\\\/\\\/kioz.be\\\/fr\\\/#website\",\"url\":\"https:\\\/\\\/kioz.be\\\/fr\\\/\",\"name\":\"Kioz\",\"description\":\"\",\"publisher\":{\"@id\":\"https:\\\/\\\/kioz.be\\\/fr\\\/#organization\"},\"potentialAction\":[{\"@type\":\"SearchAction\",\"target\":{\"@type\":\"EntryPoint\",\"urlTemplate\":\"https:\\\/\\\/kioz.be\\\/fr\\\/?s={search_term_string}\"},\"query-input\":{\"@type\":\"PropertyValueSpecification\",\"valueRequired\":true,\"valueName\":\"search_term_string\"}}],\"inLanguage\":\"fr-FR\"},{\"@type\":\"Organization\",\"@id\":\"https:\\\/\\\/kioz.be\\\/fr\\\/#organization\",\"name\":\"Kioz\",\"url\":\"https:\\\/\\\/kioz.be\\\/fr\\\/\",\"logo\":{\"@type\":\"ImageObject\",\"inLanguage\":\"fr-FR\",\"@id\":\"https:\\\/\\\/kioz.be\\\/fr\\\/#\\\/schema\\\/logo\\\/image\\\/\",\"url\":\"https:\\\/\\\/kioz.be\\\/wp-content\\\/uploads\\\/2023\\\/08\\\/kioz-logo-1.svg\",\"contentUrl\":\"https:\\\/\\\/kioz.be\\\/wp-content\\\/uploads\\\/2023\\\/08\\\/kioz-logo-1.svg\",\"width\":190,\"height\":81,\"caption\":\"Kioz\"},\"image\":{\"@id\":\"https:\\\/\\\/kioz.be\\\/fr\\\/#\\\/schema\\\/logo\\\/image\\\/\"},\"sameAs\":[\"https:\\\/\\\/www.facebook.com\\\/profile.php?id=100094411551257\",\"https:\\\/\\\/www.instagram.com\\\/kiozenergy\",\"https:\\\/\\\/www.linkedin.com\\\/company\\\/kiozenergy\\\/\"]}]}<\/script>\n<!-- \/ Yoast SEO plugin. -->","yoast_head_json":{"title":"\u00c0 propos de nous - Kioz","robots":{"index":"index","follow":"follow","max-snippet":"max-snippet:-1","max-image-preview":"max-image-preview:large","max-video-preview":"max-video-preview:-1"},"canonical":"https:\/\/kioz.be\/fr\/a-propos-de-nous\/","og_locale":"fr_FR","og_type":"article","og_title":"\u00c0 propos de nous - Kioz","og_description":"L\u2019\u00e9nergie joue un r\u00f4le important au sein de votre entreprise, qu\u2019il s\u2019agisse de l\u2019\u00e9lectricit\u00e9 n\u00e9cessaire \u00e0 son fonctionnement ou de la marge de man\u0153uvre financi\u00e8re et personnelle requise pour tout donner et obtenir chaque jour des performances et un rendement exceptionnels. Pionniers de l&rsquo;ind\u00e9pendance\u00e9nerg\u00e9tique. Notre passion pour la mobilit\u00e9 hydrog\u00e8ne nous a conduits au c\u0153ur &hellip; Continue reading \"Arnaud Collard\"","og_url":"https:\/\/kioz.be\/fr\/a-propos-de-nous\/","og_site_name":"Kioz","article_publisher":"https:\/\/www.facebook.com\/profile.php?id=100094411551257","article_modified_time":"2024-09-06T09:36:03+00:00","twitter_card":"summary_large_image","twitter_misc":{"Dur\u00e9e de lecture estim\u00e9e":"1 minute"},"schema":{"@context":"https:\/\/schema.org","@graph":[{"@type":"WebPage","@id":"https:\/\/kioz.be\/fr\/a-propos-de-nous\/","url":"https:\/\/kioz.be\/fr\/a-propos-de-nous\/","name":"\u00c0 propos de nous - Kioz","isPartOf":{"@id":"https:\/\/kioz.be\/fr\/#website"},"primaryImageOfPage":{"@id":"https:\/\/kioz.be\/fr\/a-propos-de-nous\/#primaryimage"},"image":{"@id":"https:\/\/kioz.be\/fr\/a-propos-de-nous\/#primaryimage"},"thumbnailUrl":"https:\/\/kioz.be\/wp-content\/uploads\/2023\/09\/icon-arrow-down.svg","datePublished":"2023-08-31T08:57:48+00:00","dateModified":"2024-09-06T09:36:03+00:00","breadcrumb":{"@id":"https:\/\/kioz.be\/fr\/a-propos-de-nous\/#breadcrumb"},"inLanguage":"fr-FR","potentialAction":[{"@type":"ReadAction","target":["https:\/\/kioz.be\/fr\/a-propos-de-nous\/"]}]},{"@type":"ImageObject","inLanguage":"fr-FR","@id":"https:\/\/kioz.be\/fr\/a-propos-de-nous\/#primaryimage","url":"https:\/\/kioz.be\/wp-content\/uploads\/2023\/09\/icon-arrow-down.svg","contentUrl":"https:\/\/kioz.be\/wp-content\/uploads\/2023\/09\/icon-arrow-down.svg"},{"@type":"BreadcrumbList","@id":"https:\/\/kioz.be\/fr\/a-propos-de-nous\/#breadcrumb","itemListElement":[{"@type":"ListItem","position":1,"name":"Home","item":"https:\/\/kioz.be\/fr\/"},{"@type":"ListItem","position":2,"name":"\u00c0 propos de nous"}]},{"@type":"WebSite","@id":"https:\/\/kioz.be\/fr\/#website","url":"https:\/\/kioz.be\/fr\/","name":"Kioz","description":"","publisher":{"@id":"https:\/\/kioz.be\/fr\/#organization"},"potentialAction":[{"@type":"SearchAction","target":{"@type":"EntryPoint","urlTemplate":"https:\/\/kioz.be\/fr\/?s={search_term_string}"},"query-input":{"@type":"PropertyValueSpecification","valueRequired":true,"valueName":"search_term_string"}}],"inLanguage":"fr-FR"},{"@type":"Organization","@id":"https:\/\/kioz.be\/fr\/#organization","name":"Kioz","url":"https:\/\/kioz.be\/fr\/","logo":{"@type":"ImageObject","inLanguage":"fr-FR","@id":"https:\/\/kioz.be\/fr\/#\/schema\/logo\/image\/","url":"https:\/\/kioz.be\/wp-content\/uploads\/2023\/08\/kioz-logo-1.svg","contentUrl":"https:\/\/kioz.be\/wp-content\/uploads\/2023\/08\/kioz-logo-1.svg","width":190,"height":81,"caption":"Kioz"},"image":{"@id":"https:\/\/kioz.be\/fr\/#\/schema\/logo\/image\/"},"sameAs":["https:\/\/www.facebook.com\/profile.php?id=100094411551257","https:\/\/www.instagram.com\/kiozenergy","https:\/\/www.linkedin.com\/company\/kiozenergy\/"]}]}},"_links":{"self":[{"href":"https:\/\/kioz.be\/fr\/wp-json\/wp\/v2\/pages\/908","targetHints":{"allow":["GET"]}}],"collection":[{"href":"https:\/\/kioz.be\/fr\/wp-json\/wp\/v2\/pages"}],"about":[{"href":"https:\/\/kioz.be\/fr\/wp-json\/wp\/v2\/types\/page"}],"author":[{"embeddable":true,"href":"https:\/\/kioz.be\/fr\/wp-json\/wp\/v2\/users\/1"}],"replies":[{"embeddable":true,"href":"https:\/\/kioz.be\/fr\/wp-json\/wp\/v2\/comments?post=908"}],"version-history":[{"count":11,"href":"https:\/\/kioz.be\/fr\/wp-json\/wp\/v2\/pages\/908\/revisions"}],"predecessor-version":[{"id":1597,"href":"https:\/\/kioz.be\/fr\/wp-json\/wp\/v2\/pages\/908\/revisions\/1597"}],"wp:attachment":[{"href":"https:\/\/kioz.be\/fr\/wp-json\/wp\/v2\/media?parent=908"}],"curies":[{"name":"wp","href":"https:\/\/api.w.org\/{rel}","templated":true}]}}