{"id":961,"date":"2023-08-31T08:58:18","date_gmt":"2023-08-31T08:58:18","guid":{"rendered":"https:\/\/kioz.galia.be\/contactez-nous\/"},"modified":"2024-03-15T18:40:56","modified_gmt":"2024-03-15T18:40:56","slug":"contactez-nous","status":"publish","type":"page","link":"https:\/\/kioz.be\/fr\/contactez-nous\/","title":{"rendered":"Contactez-nous"},"content":{"rendered":"\t\t<div data-elementor-type=\"wp-page\" data-elementor-id=\"961\" class=\"elementor elementor-961 elementor-25\" data-elementor-post-type=\"page\">\n\t\t\t\t<div class=\"elementor-element elementor-element-2ddcb9d e-flex e-con-boxed e-con e-parent\" data-id=\"2ddcb9d\" data-element_type=\"container\" data-e-type=\"container\">\n\t\t\t\t\t<div class=\"e-con-inner\">\n\t\t<div class=\"elementor-element elementor-element-e890085 e-con-full e-flex e-con e-parent\" data-id=\"e890085\" data-element_type=\"container\" data-e-type=\"container\">\n\t\t\t\t<div class=\"elementor-element elementor-element-fbf0987 elementor-widget elementor-widget-heading\" data-id=\"fbf0987\" data-element_type=\"widget\" data-e-type=\"widget\" data-widget_type=\"heading.default\">\n\t\t\t\t<div class=\"elementor-widget-container\">\n\t\t\t\t\t<h2 class=\"elementor-heading-title elementor-size-default\">Optez pour<br><span>l\u2019autonomie \u00e9nerg\u00e9tique<\/span><\/h2>\t\t\t\t<\/div>\n\t\t\t\t<\/div>\n\t\t\t\t<div class=\"elementor-element elementor-element-30d1630 elementor-widget elementor-widget-shortcode\" data-id=\"30d1630\" data-element_type=\"widget\" data-e-type=\"widget\" data-widget_type=\"shortcode.default\">\n\t\t\t\t<div class=\"elementor-widget-container\">\n\t\t\t\t\t\t\t<div class=\"elementor-shortcode\"><div class=\"contact-text-wrap\"><div class=\"contact-text\">\n           <p><a href=\"mailto:hello@kioz.be\">hello@kioz.be<\/a><br \/>\nWortegemseweg\u00a082<br \/>\n8790 Waregem, Belgique<\/p>\n\n          <\/div>\n          <div class=\"contact-social\"><a href=\"https:\/\/www.linkedin.com\/company\/kiozenergy\/\">\n            \t\t<img decoding=\"async\" src=\"https:\/\/kioz.be\/wp-content\/themes\/kioz\/images\/linkedin.svg\"><\/a><a href=\"https:\/\/www.facebook.com\/profile.php?id=100094411551257\"><img decoding=\"async\" src=\"https:\/\/kioz.be\/wp-content\/themes\/kioz\/images\/facebook.svg\"><\/a><a href=\"https:\/\/www.instagram.com\/kiozenergy\"><img decoding=\"async\" src=\"https:\/\/kioz.be\/wp-content\/themes\/kioz\/images\/instagram.svg\"><\/a><\/div><\/div><\/div>\n\t\t\t\t\t\t<\/div>\n\t\t\t\t<\/div>\n\t\t\t\t<\/div>\n\t\t<div class=\"elementor-element elementor-element-e50785e e-con-full e-flex e-con e-parent\" data-id=\"e50785e\" data-element_type=\"container\" data-e-type=\"container\">\n\t\t\t\t<div class=\"elementor-element elementor-element-45faab5 elementor-button-align-start elementor-widget elementor-widget-form\" data-id=\"45faab5\" data-element_type=\"widget\" data-e-type=\"widget\" data-settings=\"{&quot;step_next_label&quot;:&quot;Suivant&quot;,&quot;step_previous_label&quot;:&quot;Pr\\u00e9c\\u00e9dent&quot;,&quot;button_width&quot;:&quot;100&quot;,&quot;step_type&quot;:&quot;number_text&quot;,&quot;step_icon_shape&quot;:&quot;circle&quot;}\" data-widget_type=\"form.default\">\n\t\t\t\t<div class=\"elementor-widget-container\">\n\t\t\t\t\t\t\t<form class=\"elementor-form\" method=\"post\" id=\"contactformulier\" name=\"Formulaire de contact\" aria-label=\"Formulaire de contact\">\n\t\t\t<input type=\"hidden\" name=\"post_id\" value=\"961\"\/>\n\t\t\t<input type=\"hidden\" name=\"form_id\" value=\"45faab5\"\/>\n\t\t\t<input type=\"hidden\" name=\"referer_title\" value=\"Contactez-nous - Kioz\" \/>\n\n\t\t\t\t\t\t\t<input type=\"hidden\" name=\"queried_id\" value=\"961\"\/>\n\t\t\t\n\t\t\t<div class=\"elementor-form-fields-wrapper elementor-labels-\">\n\t\t\t\t\t\t\t\t<div class=\"elementor-field-type-text elementor-field-group elementor-column elementor-field-group-name elementor-col-100 elementor-field-required\">\n\t\t\t\t\t\t\t\t\t\t\t\t<label for=\"form-field-name\" class=\"elementor-field-label elementor-screen-only\">\n\t\t\t\t\t\t\t\tPr\u00e9nom\t\t\t\t\t\t\t<\/label>\n\t\t\t\t\t\t\t\t\t\t\t\t\t\t<input size=\"1\" type=\"text\" name=\"form_fields[name]\" id=\"form-field-name\" class=\"elementor-field elementor-size-sm  elementor-field-textual\" placeholder=\"Pr\u00e9nom\" required=\"required\">\n\t\t\t\t\t\t\t\t\t\t\t<\/div>\n\t\t\t\t\t\t\t\t<div class=\"elementor-field-type-text elementor-field-group elementor-column elementor-field-group-field_54b9719 elementor-col-100 elementor-field-required\">\n\t\t\t\t\t\t\t\t\t\t\t\t<label for=\"form-field-field_54b9719\" class=\"elementor-field-label elementor-screen-only\">\n\t\t\t\t\t\t\t\tNom\t\t\t\t\t\t\t<\/label>\n\t\t\t\t\t\t\t\t\t\t\t\t\t\t<input size=\"1\" type=\"text\" name=\"form_fields[field_54b9719]\" id=\"form-field-field_54b9719\" class=\"elementor-field elementor-size-sm  elementor-field-textual\" placeholder=\"Nom\" required=\"required\">\n\t\t\t\t\t\t\t\t\t\t\t<\/div>\n\t\t\t\t\t\t\t\t<div class=\"elementor-field-type-email elementor-field-group elementor-column elementor-field-group-email elementor-col-100 elementor-field-required\">\n\t\t\t\t\t\t\t\t\t\t\t\t<label for=\"form-field-email\" class=\"elementor-field-label elementor-screen-only\">\n\t\t\t\t\t\t\t\tAdresse e-mail\t\t\t\t\t\t\t<\/label>\n\t\t\t\t\t\t\t\t\t\t\t\t\t\t<input size=\"1\" type=\"email\" name=\"form_fields[email]\" id=\"form-field-email\" class=\"elementor-field elementor-size-sm  elementor-field-textual\" placeholder=\"Adresse e-mail\" required=\"required\">\n\t\t\t\t\t\t\t\t\t\t\t<\/div>\n\t\t\t\t\t\t\t\t<div class=\"elementor-field-type-tel elementor-field-group elementor-column elementor-field-group-field_8dbe16a elementor-col-100 elementor-field-required\">\n\t\t\t\t\t\t\t\t\t\t\t\t<label for=\"form-field-field_8dbe16a\" class=\"elementor-field-label elementor-screen-only\">\n\t\t\t\t\t\t\t\tNum\u00e9ro de t\u00e9l\u00e9phone\t\t\t\t\t\t\t<\/label>\n\t\t\t\t\t\t\t\t<input size=\"1\" type=\"tel\" name=\"form_fields[field_8dbe16a]\" id=\"form-field-field_8dbe16a\" class=\"elementor-field elementor-size-sm  elementor-field-textual\" placeholder=\"Num\u00e9ro de t\u00e9l\u00e9phone\" required=\"required\" pattern=\"[0-9()#&amp;+*-=.]+\" title=\"Seuls les caract\u00e8res de num\u00e9ros de t\u00e9l\u00e9phone (#, -, *, etc.) sont accept\u00e9s.\">\n\n\t\t\t\t\t\t<\/div>\n\t\t\t\t\t\t\t\t<div class=\"elementor-field-type-text elementor-field-group elementor-column elementor-field-group-field_e0f5c94 elementor-col-100 elementor-field-required\">\n\t\t\t\t\t\t\t\t\t\t\t\t<label for=\"form-field-field_e0f5c94\" class=\"elementor-field-label elementor-screen-only\">\n\t\t\t\t\t\t\t\tEntreprise\t\t\t\t\t\t\t<\/label>\n\t\t\t\t\t\t\t\t\t\t\t\t\t\t<input size=\"1\" type=\"text\" name=\"form_fields[field_e0f5c94]\" id=\"form-field-field_e0f5c94\" class=\"elementor-field elementor-size-sm  elementor-field-textual\" placeholder=\"Entreprise\" required=\"required\">\n\t\t\t\t\t\t\t\t\t\t\t<\/div>\n\t\t\t\t\t\t\t\t<div class=\"elementor-field-type-textarea elementor-field-group elementor-column elementor-field-group-field_166b5bc elementor-col-100 elementor-field-required\">\n\t\t\t\t\t\t\t\t\t\t\t\t<label for=\"form-field-field_166b5bc\" class=\"elementor-field-label elementor-screen-only\">\n\t\t\t\t\t\t\t\tMessage\t\t\t\t\t\t\t<\/label>\n\t\t\t\t\t\t<textarea class=\"elementor-field-textual elementor-field  elementor-size-sm\" name=\"form_fields[field_166b5bc]\" id=\"form-field-field_166b5bc\" rows=\"4\" placeholder=\"Message\" required=\"required\"><\/textarea>\t\t\t\t<\/div>\n\t\t\t\t\t\t\t\t<div class=\"elementor-field-type-recaptcha_v3 elementor-field-group elementor-column elementor-field-group-field_8bcd9ba elementor-col-100 recaptcha_v3-bottomright\">\n\t\t\t\t\t<div class=\"elementor-field\" id=\"form-field-field_8bcd9ba\"><div class=\"elementor-g-recaptcha\" data-sitekey=\"6LfWSZopAAAAANMKYBdmLw5JITRJ_MG7ZLSrM81A\" data-type=\"v3\" data-action=\"Form\" data-badge=\"bottomright\" data-size=\"invisible\"><\/div><\/div>\t\t\t\t<\/div>\n\t\t\t\t\t\t\t\t<div class=\"elementor-field-group elementor-column elementor-field-type-submit elementor-col-100 e-form__buttons\">\n\t\t\t\t\t<button class=\"elementor-button elementor-size-sm\" type=\"submit\">\n\t\t\t\t\t\t<span class=\"elementor-button-content-wrapper\">\n\t\t\t\t\t\t\t\t\t\t\t\t\t\t\t\t\t\t\t\t\t\t<span class=\"elementor-button-text\">Envoyez votre message<\/span>\n\t\t\t\t\t\t\t\t\t\t\t\t\t<\/span>\n\t\t\t\t\t<\/button>\n\t\t\t\t<\/div>\n\t\t\t<\/div>\n\t\t<\/form>\n\t\t\t\t\t\t<\/div>\n\t\t\t\t<\/div>\n\t\t\t\t<\/div>\n\t\t\t\t\t<\/div>\n\t\t\t\t<\/div>\n\t\t<div class=\"elementor-element elementor-element-4df7cce e-flex e-con-boxed e-con e-parent\" data-id=\"4df7cce\" data-element_type=\"container\" data-e-type=\"container\">\n\t\t\t\t\t<div class=\"e-con-inner\">\n\t\t<div class=\"elementor-element elementor-element-322b91b e-con-full e-flex e-con e-parent\" data-id=\"322b91b\" data-element_type=\"container\" data-e-type=\"container\" data-settings=\"{&quot;background_background&quot;:&quot;classic&quot;}\">\n\t\t\t\t<div class=\"elementor-element elementor-element-003a321 elementor-widget elementor-widget-spacer\" data-id=\"003a321\" data-element_type=\"widget\" data-e-type=\"widget\" data-widget_type=\"spacer.default\">\n\t\t\t\t<div class=\"elementor-widget-container\">\n\t\t\t\t\t\t\t<div class=\"elementor-spacer\">\n\t\t\t<div class=\"elementor-spacer-inner\"><\/div>\n\t\t<\/div>\n\t\t\t\t\t\t<\/div>\n\t\t\t\t<\/div>\n\t\t\t\t<\/div>\n\t\t\t\t\t<\/div>\n\t\t\t\t<\/div>\n\t\t<div class=\"elementor-element elementor-element-4c890da e-flex e-con-boxed e-con e-parent\" data-id=\"4c890da\" data-element_type=\"container\" data-e-type=\"container\">\n\t\t\t\t\t<div class=\"e-con-inner\">\n\t\t\t\t<div class=\"elementor-element elementor-element-086840a elementor-widget elementor-widget-spacer\" data-id=\"086840a\" data-element_type=\"widget\" data-e-type=\"widget\" data-widget_type=\"spacer.default\">\n\t\t\t\t<div class=\"elementor-widget-container\">\n\t\t\t\t\t\t\t<div class=\"elementor-spacer\">\n\t\t\t<div class=\"elementor-spacer-inner\"><\/div>\n\t\t<\/div>\n\t\t\t\t\t\t<\/div>\n\t\t\t\t<\/div>\n\t\t\t\t\t<\/div>\n\t\t\t\t<\/div>\n\t\t\t\t<\/div>\n\t\t","protected":false},"excerpt":{"rendered":"<p>Optez pourl\u2019autonomie \u00e9nerg\u00e9tique<\/p>\n","protected":false},"author":1,"featured_media":1236,"parent":0,"menu_order":0,"comment_status":"closed","ping_status":"closed","template":"","meta":{"_acf_changed":false,"footnotes":""},"class_list":["post-961","page","type-page","status-publish","has-post-thumbnail","hentry"],"acf":[],"yoast_head":"<!-- This site is optimized with the Yoast SEO plugin v27.4 - https:\/\/yoast.com\/product\/yoast-seo-wordpress\/ -->\n<title>Contactez-nous - Kioz<\/title>\n<meta name=\"robots\" content=\"index, follow, max-snippet:-1, max-image-preview:large, max-video-preview:-1\" \/>\n<link rel=\"canonical\" href=\"https:\/\/kioz.be\/fr\/contactez-nous\/\" \/>\n<meta property=\"og:locale\" content=\"fr_FR\" \/>\n<meta property=\"og:type\" content=\"article\" \/>\n<meta property=\"og:title\" content=\"Contactez-nous - Kioz\" \/>\n<meta property=\"og:description\" content=\"Optez pourl\u2019autonomie \u00e9nerg\u00e9tique\" \/>\n<meta property=\"og:url\" content=\"https:\/\/kioz.be\/fr\/contactez-nous\/\" \/>\n<meta property=\"og:site_name\" content=\"Kioz\" \/>\n<meta property=\"article:publisher\" content=\"https:\/\/www.facebook.com\/profile.php?id=100094411551257\" \/>\n<meta property=\"article:modified_time\" content=\"2024-03-15T18:40:56+00:00\" \/>\n<meta property=\"og:image\" content=\"https:\/\/kioz.be\/wp-content\/uploads\/2023\/09\/casey-horner-6tzGnotyesY-unsplash-scaled.jpg\" \/>\n\t<meta property=\"og:image:width\" content=\"2048\" \/>\n\t<meta property=\"og:image:height\" content=\"1803\" \/>\n\t<meta property=\"og:image:type\" content=\"image\/jpeg\" \/>\n<meta name=\"twitter:card\" content=\"summary_large_image\" \/>\n<script type=\"application\/ld+json\" class=\"yoast-schema-graph\">{\"@context\":\"https:\\\/\\\/schema.org\",\"@graph\":[{\"@type\":\"WebPage\",\"@id\":\"https:\\\/\\\/kioz.be\\\/fr\\\/contactez-nous\\\/\",\"url\":\"https:\\\/\\\/kioz.be\\\/fr\\\/contactez-nous\\\/\",\"name\":\"Contactez-nous - Kioz\",\"isPartOf\":{\"@id\":\"https:\\\/\\\/kioz.be\\\/fr\\\/#website\"},\"primaryImageOfPage\":{\"@id\":\"https:\\\/\\\/kioz.be\\\/fr\\\/contactez-nous\\\/#primaryimage\"},\"image\":{\"@id\":\"https:\\\/\\\/kioz.be\\\/fr\\\/contactez-nous\\\/#primaryimage\"},\"thumbnailUrl\":\"https:\\\/\\\/kioz.be\\\/wp-content\\\/uploads\\\/2023\\\/09\\\/casey-horner-6tzGnotyesY-unsplash-scaled.jpg\",\"datePublished\":\"2023-08-31T08:58:18+00:00\",\"dateModified\":\"2024-03-15T18:40:56+00:00\",\"breadcrumb\":{\"@id\":\"https:\\\/\\\/kioz.be\\\/fr\\\/contactez-nous\\\/#breadcrumb\"},\"inLanguage\":\"fr-FR\",\"potentialAction\":[{\"@type\":\"ReadAction\",\"target\":[\"https:\\\/\\\/kioz.be\\\/fr\\\/contactez-nous\\\/\"]}]},{\"@type\":\"ImageObject\",\"inLanguage\":\"fr-FR\",\"@id\":\"https:\\\/\\\/kioz.be\\\/fr\\\/contactez-nous\\\/#primaryimage\",\"url\":\"https:\\\/\\\/kioz.be\\\/wp-content\\\/uploads\\\/2023\\\/09\\\/casey-horner-6tzGnotyesY-unsplash-scaled.jpg\",\"contentUrl\":\"https:\\\/\\\/kioz.be\\\/wp-content\\\/uploads\\\/2023\\\/09\\\/casey-horner-6tzGnotyesY-unsplash-scaled.jpg\",\"width\":2048,\"height\":1803},{\"@type\":\"BreadcrumbList\",\"@id\":\"https:\\\/\\\/kioz.be\\\/fr\\\/contactez-nous\\\/#breadcrumb\",\"itemListElement\":[{\"@type\":\"ListItem\",\"position\":1,\"name\":\"Home\",\"item\":\"https:\\\/\\\/kioz.be\\\/fr\\\/\"},{\"@type\":\"ListItem\",\"position\":2,\"name\":\"Contactez-nous\"}]},{\"@type\":\"WebSite\",\"@id\":\"https:\\\/\\\/kioz.be\\\/fr\\\/#website\",\"url\":\"https:\\\/\\\/kioz.be\\\/fr\\\/\",\"name\":\"Kioz\",\"description\":\"\",\"publisher\":{\"@id\":\"https:\\\/\\\/kioz.be\\\/fr\\\/#organization\"},\"potentialAction\":[{\"@type\":\"SearchAction\",\"target\":{\"@type\":\"EntryPoint\",\"urlTemplate\":\"https:\\\/\\\/kioz.be\\\/fr\\\/?s={search_term_string}\"},\"query-input\":{\"@type\":\"PropertyValueSpecification\",\"valueRequired\":true,\"valueName\":\"search_term_string\"}}],\"inLanguage\":\"fr-FR\"},{\"@type\":\"Organization\",\"@id\":\"https:\\\/\\\/kioz.be\\\/fr\\\/#organization\",\"name\":\"Kioz\",\"url\":\"https:\\\/\\\/kioz.be\\\/fr\\\/\",\"logo\":{\"@type\":\"ImageObject\",\"inLanguage\":\"fr-FR\",\"@id\":\"https:\\\/\\\/kioz.be\\\/fr\\\/#\\\/schema\\\/logo\\\/image\\\/\",\"url\":\"https:\\\/\\\/kioz.be\\\/wp-content\\\/uploads\\\/2023\\\/08\\\/kioz-logo-1.svg\",\"contentUrl\":\"https:\\\/\\\/kioz.be\\\/wp-content\\\/uploads\\\/2023\\\/08\\\/kioz-logo-1.svg\",\"width\":190,\"height\":81,\"caption\":\"Kioz\"},\"image\":{\"@id\":\"https:\\\/\\\/kioz.be\\\/fr\\\/#\\\/schema\\\/logo\\\/image\\\/\"},\"sameAs\":[\"https:\\\/\\\/www.facebook.com\\\/profile.php?id=100094411551257\",\"https:\\\/\\\/www.instagram.com\\\/kiozenergy\",\"https:\\\/\\\/www.linkedin.com\\\/company\\\/kiozenergy\\\/\"]}]}<\/script>\n<!-- \/ Yoast SEO plugin. -->","yoast_head_json":{"title":"Contactez-nous - Kioz","robots":{"index":"index","follow":"follow","max-snippet":"max-snippet:-1","max-image-preview":"max-image-preview:large","max-video-preview":"max-video-preview:-1"},"canonical":"https:\/\/kioz.be\/fr\/contactez-nous\/","og_locale":"fr_FR","og_type":"article","og_title":"Contactez-nous - Kioz","og_description":"Optez pourl\u2019autonomie \u00e9nerg\u00e9tique","og_url":"https:\/\/kioz.be\/fr\/contactez-nous\/","og_site_name":"Kioz","article_publisher":"https:\/\/www.facebook.com\/profile.php?id=100094411551257","article_modified_time":"2024-03-15T18:40:56+00:00","og_image":[{"width":2048,"height":1803,"url":"https:\/\/kioz.be\/wp-content\/uploads\/2023\/09\/casey-horner-6tzGnotyesY-unsplash-scaled.jpg","type":"image\/jpeg"}],"twitter_card":"summary_large_image","schema":{"@context":"https:\/\/schema.org","@graph":[{"@type":"WebPage","@id":"https:\/\/kioz.be\/fr\/contactez-nous\/","url":"https:\/\/kioz.be\/fr\/contactez-nous\/","name":"Contactez-nous - Kioz","isPartOf":{"@id":"https:\/\/kioz.be\/fr\/#website"},"primaryImageOfPage":{"@id":"https:\/\/kioz.be\/fr\/contactez-nous\/#primaryimage"},"image":{"@id":"https:\/\/kioz.be\/fr\/contactez-nous\/#primaryimage"},"thumbnailUrl":"https:\/\/kioz.be\/wp-content\/uploads\/2023\/09\/casey-horner-6tzGnotyesY-unsplash-scaled.jpg","datePublished":"2023-08-31T08:58:18+00:00","dateModified":"2024-03-15T18:40:56+00:00","breadcrumb":{"@id":"https:\/\/kioz.be\/fr\/contactez-nous\/#breadcrumb"},"inLanguage":"fr-FR","potentialAction":[{"@type":"ReadAction","target":["https:\/\/kioz.be\/fr\/contactez-nous\/"]}]},{"@type":"ImageObject","inLanguage":"fr-FR","@id":"https:\/\/kioz.be\/fr\/contactez-nous\/#primaryimage","url":"https:\/\/kioz.be\/wp-content\/uploads\/2023\/09\/casey-horner-6tzGnotyesY-unsplash-scaled.jpg","contentUrl":"https:\/\/kioz.be\/wp-content\/uploads\/2023\/09\/casey-horner-6tzGnotyesY-unsplash-scaled.jpg","width":2048,"height":1803},{"@type":"BreadcrumbList","@id":"https:\/\/kioz.be\/fr\/contactez-nous\/#breadcrumb","itemListElement":[{"@type":"ListItem","position":1,"name":"Home","item":"https:\/\/kioz.be\/fr\/"},{"@type":"ListItem","position":2,"name":"Contactez-nous"}]},{"@type":"WebSite","@id":"https:\/\/kioz.be\/fr\/#website","url":"https:\/\/kioz.be\/fr\/","name":"Kioz","description":"","publisher":{"@id":"https:\/\/kioz.be\/fr\/#organization"},"potentialAction":[{"@type":"SearchAction","target":{"@type":"EntryPoint","urlTemplate":"https:\/\/kioz.be\/fr\/?s={search_term_string}"},"query-input":{"@type":"PropertyValueSpecification","valueRequired":true,"valueName":"search_term_string"}}],"inLanguage":"fr-FR"},{"@type":"Organization","@id":"https:\/\/kioz.be\/fr\/#organization","name":"Kioz","url":"https:\/\/kioz.be\/fr\/","logo":{"@type":"ImageObject","inLanguage":"fr-FR","@id":"https:\/\/kioz.be\/fr\/#\/schema\/logo\/image\/","url":"https:\/\/kioz.be\/wp-content\/uploads\/2023\/08\/kioz-logo-1.svg","contentUrl":"https:\/\/kioz.be\/wp-content\/uploads\/2023\/08\/kioz-logo-1.svg","width":190,"height":81,"caption":"Kioz"},"image":{"@id":"https:\/\/kioz.be\/fr\/#\/schema\/logo\/image\/"},"sameAs":["https:\/\/www.facebook.com\/profile.php?id=100094411551257","https:\/\/www.instagram.com\/kiozenergy","https:\/\/www.linkedin.com\/company\/kiozenergy\/"]}]}},"_links":{"self":[{"href":"https:\/\/kioz.be\/fr\/wp-json\/wp\/v2\/pages\/961","targetHints":{"allow":["GET"]}}],"collection":[{"href":"https:\/\/kioz.be\/fr\/wp-json\/wp\/v2\/pages"}],"about":[{"href":"https:\/\/kioz.be\/fr\/wp-json\/wp\/v2\/types\/page"}],"author":[{"embeddable":true,"href":"https:\/\/kioz.be\/fr\/wp-json\/wp\/v2\/users\/1"}],"replies":[{"embeddable":true,"href":"https:\/\/kioz.be\/fr\/wp-json\/wp\/v2\/comments?post=961"}],"version-history":[{"count":6,"href":"https:\/\/kioz.be\/fr\/wp-json\/wp\/v2\/pages\/961\/revisions"}],"predecessor-version":[{"id":1433,"href":"https:\/\/kioz.be\/fr\/wp-json\/wp\/v2\/pages\/961\/revisions\/1433"}],"wp:featuredmedia":[{"embeddable":true,"href":"https:\/\/kioz.be\/fr\/wp-json\/wp\/v2\/media\/1236"}],"wp:attachment":[{"href":"https:\/\/kioz.be\/fr\/wp-json\/wp\/v2\/media?parent=961"}],"curies":[{"name":"wp","href":"https:\/\/api.w.org\/{rel}","templated":true}]}}