{"id":25,"date":"2023-08-31T08:58:18","date_gmt":"2023-08-31T08:58:18","guid":{"rendered":"https:\/\/kioz.galia.be\/?page_id=25"},"modified":"2026-01-13T12:52:52","modified_gmt":"2026-01-13T12:52:52","slug":"contacteer-ons","status":"publish","type":"page","link":"https:\/\/kioz.be\/nl\/contacteer-ons\/","title":{"rendered":"Contacteer ons"},"content":{"rendered":"\t\t<div data-elementor-type=\"wp-page\" data-elementor-id=\"25\" class=\"elementor elementor-25\" data-elementor-post-type=\"page\">\n\t\t\t\t<div class=\"elementor-element elementor-element-2ddcb9d e-flex e-con-boxed e-con e-parent\" data-id=\"2ddcb9d\" data-element_type=\"container\" data-e-type=\"container\">\n\t\t\t\t\t<div class=\"e-con-inner\">\n\t\t<div class=\"elementor-element elementor-element-e890085 e-con-full e-flex e-con e-child\" data-id=\"e890085\" data-element_type=\"container\" data-e-type=\"container\">\n\t\t\t\t<div class=\"elementor-element elementor-element-fbf0987 elementor-widget elementor-widget-heading\" data-id=\"fbf0987\" data-element_type=\"widget\" data-e-type=\"widget\" data-widget_type=\"heading.default\">\n\t\t\t\t<div class=\"elementor-widget-container\">\n\t\t\t\t\t<h1 class=\"elementor-heading-title elementor-size-default\">Neem zelf de controle over je <span>energie!<\/span><\/h1>\t\t\t\t<\/div>\n\t\t\t\t<\/div>\n\t\t\t\t<div class=\"elementor-element elementor-element-a374ea4 elementor-widget elementor-widget-text-editor\" data-id=\"a374ea4\" data-element_type=\"widget\" data-e-type=\"widget\" data-widget_type=\"text-editor.default\">\n\t\t\t\t<div class=\"elementor-widget-container\">\n\t\t\t\t\t\t\t\t\t<p>Elke stap naar energie onafhankelijkheid begint met \u00e9\u00e9n gesprek. Laten we bekijken hoe jouw bedrijf vandaag al kan besparen \u00e9n zich wapent voor morgen. Het team van Kioz staat voor je klaar!\u00a0<\/p>\t\t\t\t\t\t\t\t<\/div>\n\t\t\t\t<\/div>\n\t\t\t\t<div class=\"elementor-element elementor-element-30d1630 elementor-widget elementor-widget-shortcode\" data-id=\"30d1630\" data-element_type=\"widget\" data-e-type=\"widget\" data-widget_type=\"shortcode.default\">\n\t\t\t\t<div class=\"elementor-widget-container\">\n\t\t\t\t\t\t\t<div class=\"elementor-shortcode\"><div class=\"contact-text-wrap\"><div class=\"contact-text\">\n           <p><strong>Bezoekadres:<br \/>\n<\/strong>Wortegemseweg 82<br \/>\n8790 Waregem (BE)<\/p>\n<p><strong>E-mail:<br \/>\n<\/strong><a href=\"mailto:hello@kioz.be\">hello@kioz.be<\/a><\/p>\n\n          <\/div>\n          <div class=\"contact-social\"><a href=\"https:\/\/www.linkedin.com\/company\/kiozenergy\/\">\n            \t\t<img decoding=\"async\" src=\"https:\/\/kioz.be\/wp-content\/themes\/kioz\/images\/linkedin.svg\"><\/a><a href=\"https:\/\/www.facebook.com\/profile.php?id=100094411551257\"><img decoding=\"async\" src=\"https:\/\/kioz.be\/wp-content\/themes\/kioz\/images\/facebook.svg\"><\/a><a href=\"https:\/\/www.instagram.com\/kiozenergy\"><img decoding=\"async\" src=\"https:\/\/kioz.be\/wp-content\/themes\/kioz\/images\/instagram.svg\"><\/a><\/div><\/div><\/div>\n\t\t\t\t\t\t<\/div>\n\t\t\t\t<\/div>\n\t\t\t\t<\/div>\n\t\t<div class=\"elementor-element elementor-element-e50785e e-con-full e-flex e-con e-child\" data-id=\"e50785e\" data-element_type=\"container\" data-e-type=\"container\">\n\t\t\t\t<div class=\"elementor-element elementor-element-6af75e1 elementor-widget elementor-widget-heading\" data-id=\"6af75e1\" data-element_type=\"widget\" data-e-type=\"widget\" data-widget_type=\"heading.default\">\n\t\t\t\t<div class=\"elementor-widget-container\">\n\t\t\t\t\t<h3 class=\"elementor-heading-title elementor-size-default\">Laat hier je gegevens achter<\/h3>\t\t\t\t<\/div>\n\t\t\t\t<\/div>\n\t\t\t\t<div class=\"elementor-element elementor-element-0f5a9a8 elementor-widget elementor-widget-text-editor\" data-id=\"0f5a9a8\" data-element_type=\"widget\" data-e-type=\"widget\" data-widget_type=\"text-editor.default\">\n\t\t\t\t<div class=\"elementor-widget-container\">\n\t\t\t\t\t\t\t\t\t<p>Vul het formulier in en we contacteren je binnen 24 uur voor een vrijblijvend gesprek of een gratis energiescan. Samen bekijken we wat jouw eerste stap richting energie- controle kan zijn.<\/p>\t\t\t\t\t\t\t\t<\/div>\n\t\t\t\t<\/div>\n\t\t\t\t<div class=\"elementor-element elementor-element-45faab5 elementor-button-align-start elementor-widget elementor-widget-form\" data-id=\"45faab5\" data-element_type=\"widget\" data-e-type=\"widget\" data-settings=\"{&quot;step_next_label&quot;:&quot;Next&quot;,&quot;step_previous_label&quot;:&quot;Previous&quot;,&quot;button_width&quot;:&quot;100&quot;,&quot;step_type&quot;:&quot;number_text&quot;,&quot;step_icon_shape&quot;:&quot;circle&quot;}\" data-widget_type=\"form.default\">\n\t\t\t\t<div class=\"elementor-widget-container\">\n\t\t\t\t\t\t\t<form class=\"elementor-form\" method=\"post\" id=\"contactformulier\" name=\"Contactformulier\" aria-label=\"Contactformulier\">\n\t\t\t<input type=\"hidden\" name=\"post_id\" value=\"25\"\/>\n\t\t\t<input type=\"hidden\" name=\"form_id\" value=\"45faab5\"\/>\n\t\t\t<input type=\"hidden\" name=\"referer_title\" value=\"Neem contact op | Kioz\" \/>\n\n\t\t\t\t\t\t\t<input type=\"hidden\" name=\"queried_id\" value=\"25\"\/>\n\t\t\t\n\t\t\t<div class=\"elementor-form-fields-wrapper elementor-labels-above\">\n\t\t\t\t\t\t\t\t<div class=\"elementor-field-type-text elementor-field-group elementor-column elementor-field-group-name elementor-col-100 elementor-field-required\">\n\t\t\t\t\t\t\t\t\t\t\t\t\t<input size=\"1\" type=\"text\" name=\"form_fields[name]\" id=\"form-field-name\" class=\"elementor-field elementor-size-sm  elementor-field-textual\" placeholder=\"Voornaam*\" required=\"required\">\n\t\t\t\t\t\t\t\t\t\t\t<\/div>\n\t\t\t\t\t\t\t\t<div class=\"elementor-field-type-text elementor-field-group elementor-column elementor-field-group-field_54b9719 elementor-col-100 elementor-field-required\">\n\t\t\t\t\t\t\t\t\t\t\t\t\t<input size=\"1\" type=\"text\" name=\"form_fields[field_54b9719]\" id=\"form-field-field_54b9719\" class=\"elementor-field elementor-size-sm  elementor-field-textual\" placeholder=\"Naam*\" required=\"required\">\n\t\t\t\t\t\t\t\t\t\t\t<\/div>\n\t\t\t\t\t\t\t\t<div class=\"elementor-field-type-email elementor-field-group elementor-column elementor-field-group-email elementor-col-100 elementor-field-required\">\n\t\t\t\t\t\t\t\t\t\t\t\t\t<input size=\"1\" type=\"email\" name=\"form_fields[email]\" id=\"form-field-email\" class=\"elementor-field elementor-size-sm  elementor-field-textual\" placeholder=\"E-mailadres*\" required=\"required\">\n\t\t\t\t\t\t\t\t\t\t\t<\/div>\n\t\t\t\t\t\t\t\t<div class=\"elementor-field-type-tel elementor-field-group elementor-column elementor-field-group-field_8dbe16a elementor-col-100 elementor-field-required\">\n\t\t\t\t\t\t\t<input size=\"1\" type=\"tel\" name=\"form_fields[field_8dbe16a]\" id=\"form-field-field_8dbe16a\" class=\"elementor-field elementor-size-sm  elementor-field-textual\" placeholder=\"Telefoonnummer*\" required=\"required\" pattern=\"[0-9()#&amp;+*-=.]+\" title=\"Alleen nummers en telefoontekens (#, -, *, enz.) worden geaccepteerd.\">\n\n\t\t\t\t\t\t<\/div>\n\t\t\t\t\t\t\t\t<div class=\"elementor-field-type-text elementor-field-group elementor-column elementor-field-group-field_e0f5c94 elementor-col-100\">\n\t\t\t\t\t\t\t\t\t\t\t\t\t<input size=\"1\" type=\"text\" name=\"form_fields[field_e0f5c94]\" id=\"form-field-field_e0f5c94\" class=\"elementor-field elementor-size-sm  elementor-field-textual\" placeholder=\"Bedrijf\">\n\t\t\t\t\t\t\t\t\t\t\t<\/div>\n\t\t\t\t\t\t\t\t<div class=\"elementor-field-type-select elementor-field-group elementor-column elementor-field-group-field_5405c33 elementor-col-100 elementor-field-required\">\n\t\t\t\t\t\t\t\t\t\t\t\t<label for=\"form-field-field_5405c33\" class=\"elementor-field-label\">\n\t\t\t\t\t\t\t\tIk wil graag*\t\t\t\t\t\t\t<\/label>\n\t\t\t\t\t\t\t\t<div class=\"elementor-field elementor-select-wrapper remove-before \">\n\t\t\t<div class=\"select-caret-down-wrapper\">\n\t\t\t\t<i aria-hidden=\"true\" class=\"eicon-caret-down\"><\/i>\t\t\t<\/div>\n\t\t\t<select name=\"form_fields[field_5405c33]\" id=\"form-field-field_5405c33\" class=\"elementor-field-textual elementor-size-sm\" required=\"required\">\n\t\t\t\t\t\t\t\t\t<option value=\"Een o\ufb00erte ontvangen\">Een o\ufb00erte ontvangen<\/option>\n\t\t\t\t\t\t\t\t\t<option value=\"Een gratis energiescan aanvragen\">Een gratis energiescan aanvragen<\/option>\n\t\t\t\t\t\t\t\t\t<option value=\"Advies over batterijopslag\">Advies over batterijopslag<\/option>\n\t\t\t\t\t\t\t\t\t<option value=\"Anders \/ open vraag\">Anders \/ open vraag<\/option>\n\t\t\t\t\t\t\t<\/select>\n\t\t<\/div>\n\t\t\t\t\t\t<\/div>\n\t\t\t\t\t\t\t\t<div class=\"elementor-field-type-textarea elementor-field-group elementor-column elementor-field-group-field_166b5bc elementor-col-100 elementor-field-required\">\n\t\t\t\t\t<textarea class=\"elementor-field-textual elementor-field  elementor-size-sm\" name=\"form_fields[field_166b5bc]\" id=\"form-field-field_166b5bc\" rows=\"4\" placeholder=\"Bericht\" required=\"required\"><\/textarea>\t\t\t\t<\/div>\n\t\t\t\t\t\t\t\t<div class=\"elementor-field-type-html elementor-field-group elementor-column elementor-field-group-field_531e231 elementor-col-100\">\n\t\t\t\t\tJe gegevens worden veilig verwerkt en nooit gedeeld met derden. <a href=\"https:\/\/kioz.be\/nl\/privacybeleid\/\" target=\"_blank\">Lees ons privacybeleid<\/a>\t\t\t\t<\/div>\n\t\t\t\t\t\t\t\t<div class=\"elementor-field-type-recaptcha_v3 elementor-field-group elementor-column elementor-field-group-field_8bcd9ba elementor-col-100 recaptcha_v3-bottomright\">\n\t\t\t\t\t<div class=\"elementor-field\" id=\"form-field-field_8bcd9ba\"><div class=\"elementor-g-recaptcha\" data-sitekey=\"6LfWSZopAAAAANMKYBdmLw5JITRJ_MG7ZLSrM81A\" data-type=\"v3\" data-action=\"Form\" data-badge=\"bottomright\" data-size=\"invisible\"><\/div><\/div>\t\t\t\t<\/div>\n\t\t\t\t\t\t\t\t<div class=\"elementor-field-group elementor-column elementor-field-type-submit elementor-col-100 e-form__buttons\">\n\t\t\t\t\t<button class=\"elementor-button elementor-size-sm\" type=\"submit\">\n\t\t\t\t\t\t<span class=\"elementor-button-content-wrapper\">\n\t\t\t\t\t\t\t\t\t\t\t\t\t\t\t\t\t\t\t\t\t\t<span class=\"elementor-button-text\">Verstuur je bericht<\/span>\n\t\t\t\t\t\t\t\t\t\t\t\t\t<\/span>\n\t\t\t\t\t<\/button>\n\t\t\t\t<\/div>\n\t\t\t<\/div>\n\t\t<\/form>\n\t\t\t\t\t\t<\/div>\n\t\t\t\t<\/div>\n\t\t\t\t<\/div>\n\t\t\t\t\t<\/div>\n\t\t\t\t<\/div>\n\t\t<div class=\"elementor-element elementor-element-4df7cce e-flex e-con-boxed e-con e-parent\" data-id=\"4df7cce\" data-element_type=\"container\" data-e-type=\"container\">\n\t\t\t\t\t<div class=\"e-con-inner\">\n\t\t<div class=\"elementor-element elementor-element-322b91b e-con-full e-flex e-con e-child\" data-id=\"322b91b\" data-element_type=\"container\" data-e-type=\"container\" data-settings=\"{&quot;background_background&quot;:&quot;classic&quot;}\">\n\t\t\t\t<div class=\"elementor-element elementor-element-003a321 elementor-widget elementor-widget-spacer\" data-id=\"003a321\" data-element_type=\"widget\" data-e-type=\"widget\" data-widget_type=\"spacer.default\">\n\t\t\t\t<div class=\"elementor-widget-container\">\n\t\t\t\t\t\t\t<div class=\"elementor-spacer\">\n\t\t\t<div class=\"elementor-spacer-inner\"><\/div>\n\t\t<\/div>\n\t\t\t\t\t\t<\/div>\n\t\t\t\t<\/div>\n\t\t\t\t<\/div>\n\t\t\t\t\t<\/div>\n\t\t\t\t<\/div>\n\t\t<div class=\"elementor-element elementor-element-4c890da e-flex e-con-boxed e-con e-parent\" data-id=\"4c890da\" data-element_type=\"container\" data-e-type=\"container\">\n\t\t\t\t\t<div class=\"e-con-inner\">\n\t\t\t\t<div class=\"elementor-element elementor-element-086840a elementor-widget elementor-widget-spacer\" data-id=\"086840a\" data-element_type=\"widget\" data-e-type=\"widget\" data-widget_type=\"spacer.default\">\n\t\t\t\t<div class=\"elementor-widget-container\">\n\t\t\t\t\t\t\t<div class=\"elementor-spacer\">\n\t\t\t<div class=\"elementor-spacer-inner\"><\/div>\n\t\t<\/div>\n\t\t\t\t\t\t<\/div>\n\t\t\t\t<\/div>\n\t\t\t\t\t<\/div>\n\t\t\t\t<\/div>\n\t\t\t\t<\/div>\n\t\t","protected":false},"excerpt":{"rendered":"<p>Neem zelf de controle over je energie! Elke stap naar energie onafhankelijkheid begint met \u00e9\u00e9n gesprek. Laten we bekijken hoe jouw bedrijf vandaag al kan besparen \u00e9n zich wapent voor morgen. Het team van Kioz staat voor je klaar!\u00a0 Laat hier je gegevens achter Vul het formulier in en we contacteren je binnen 24 uur &hellip; <a href=\"https:\/\/kioz.be\/nl\/contacteer-ons\/\" class=\"more-link\">Continue reading<span class=\"screen-reader-text\"> &#8220;Contacteer ons&#8221;<\/span><\/a><\/p>\n","protected":false},"author":1,"featured_media":1234,"parent":0,"menu_order":0,"comment_status":"closed","ping_status":"closed","template":"","meta":{"_acf_changed":false,"footnotes":""},"class_list":["post-25","page","type-page","status-publish","has-post-thumbnail","hentry"],"acf":[],"yoast_head":"<!-- This site is optimized with the Yoast SEO plugin v27.4 - https:\/\/yoast.com\/product\/yoast-seo-wordpress\/ -->\n<title>Neem contact op | Kioz<\/title>\n<meta name=\"description\" content=\"Elke stap naar energie-autonomie begint met \u00e9\u00e9n gesprek. Met jouwgegevens bekijken wij hoe jouw bedrijf vandaag al kan besparen \u00e9n zich wapent voormorgen.\" \/>\n<meta name=\"robots\" content=\"index, follow, max-snippet:-1, max-image-preview:large, max-video-preview:-1\" \/>\n<link rel=\"canonical\" href=\"https:\/\/kioz.be\/nl\/contacteer-ons\/\" \/>\n<meta property=\"og:locale\" content=\"nl_NL\" \/>\n<meta property=\"og:type\" content=\"article\" \/>\n<meta property=\"og:title\" content=\"Neem contact op | Kioz\" \/>\n<meta property=\"og:description\" content=\"Energie-onafhankelijkheid begint met \u00e9\u00e9n gesprek. Of je nu advies zoekt, eeno\ufb00erte wil of gewoon wil weten wat mogelijk is, stuur ons gewoon een berichtje.\" \/>\n<meta property=\"og:url\" content=\"https:\/\/kioz.be\/nl\/contacteer-ons\/\" \/>\n<meta property=\"og:site_name\" content=\"Kioz\" \/>\n<meta property=\"article:publisher\" content=\"https:\/\/www.facebook.com\/profile.php?id=100094411551257\" \/>\n<meta property=\"article:modified_time\" content=\"2026-01-13T12:52:52+00:00\" \/>\n<meta property=\"og:image\" content=\"https:\/\/kioz.be\/wp-content\/uploads\/2023\/09\/casey-horner-6tzGnotyesY-unsplash-scaled.jpg\" \/>\n\t<meta property=\"og:image:width\" content=\"2048\" \/>\n\t<meta property=\"og:image:height\" content=\"1803\" \/>\n\t<meta property=\"og:image:type\" content=\"image\/jpeg\" \/>\n<meta name=\"twitter:card\" content=\"summary_large_image\" \/>\n<meta name=\"twitter:label1\" content=\"Geschatte leestijd\" \/>\n\t<meta name=\"twitter:data1\" content=\"1 minuut\" \/>\n<script type=\"application\/ld+json\" class=\"yoast-schema-graph\">{\"@context\":\"https:\\\/\\\/schema.org\",\"@graph\":[{\"@type\":\"WebPage\",\"@id\":\"https:\\\/\\\/kioz.be\\\/nl\\\/contacteer-ons\\\/\",\"url\":\"https:\\\/\\\/kioz.be\\\/nl\\\/contacteer-ons\\\/\",\"name\":\"Neem contact op | Kioz\",\"isPartOf\":{\"@id\":\"https:\\\/\\\/kioz.be\\\/nl\\\/#website\"},\"primaryImageOfPage\":{\"@id\":\"https:\\\/\\\/kioz.be\\\/nl\\\/contacteer-ons\\\/#primaryimage\"},\"image\":{\"@id\":\"https:\\\/\\\/kioz.be\\\/nl\\\/contacteer-ons\\\/#primaryimage\"},\"thumbnailUrl\":\"https:\\\/\\\/kioz.be\\\/wp-content\\\/uploads\\\/2023\\\/09\\\/casey-horner-6tzGnotyesY-unsplash-scaled.jpg\",\"datePublished\":\"2023-08-31T08:58:18+00:00\",\"dateModified\":\"2026-01-13T12:52:52+00:00\",\"description\":\"Elke stap naar energie-autonomie begint met \u00e9\u00e9n gesprek. Met jouwgegevens bekijken wij hoe jouw bedrijf vandaag al kan besparen \u00e9n zich wapent voormorgen.\",\"breadcrumb\":{\"@id\":\"https:\\\/\\\/kioz.be\\\/nl\\\/contacteer-ons\\\/#breadcrumb\"},\"inLanguage\":\"nl-NL\",\"potentialAction\":[{\"@type\":\"ReadAction\",\"target\":[\"https:\\\/\\\/kioz.be\\\/nl\\\/contacteer-ons\\\/\"]}]},{\"@type\":\"ImageObject\",\"inLanguage\":\"nl-NL\",\"@id\":\"https:\\\/\\\/kioz.be\\\/nl\\\/contacteer-ons\\\/#primaryimage\",\"url\":\"https:\\\/\\\/kioz.be\\\/wp-content\\\/uploads\\\/2023\\\/09\\\/casey-horner-6tzGnotyesY-unsplash-scaled.jpg\",\"contentUrl\":\"https:\\\/\\\/kioz.be\\\/wp-content\\\/uploads\\\/2023\\\/09\\\/casey-horner-6tzGnotyesY-unsplash-scaled.jpg\",\"width\":2048,\"height\":1803},{\"@type\":\"BreadcrumbList\",\"@id\":\"https:\\\/\\\/kioz.be\\\/nl\\\/contacteer-ons\\\/#breadcrumb\",\"itemListElement\":[{\"@type\":\"ListItem\",\"position\":1,\"name\":\"Home\",\"item\":\"https:\\\/\\\/kioz.be\\\/nl\\\/\"},{\"@type\":\"ListItem\",\"position\":2,\"name\":\"Contacteer ons\"}]},{\"@type\":\"WebSite\",\"@id\":\"https:\\\/\\\/kioz.be\\\/nl\\\/#website\",\"url\":\"https:\\\/\\\/kioz.be\\\/nl\\\/\",\"name\":\"Kioz\",\"description\":\"\",\"publisher\":{\"@id\":\"https:\\\/\\\/kioz.be\\\/nl\\\/#organization\"},\"potentialAction\":[{\"@type\":\"SearchAction\",\"target\":{\"@type\":\"EntryPoint\",\"urlTemplate\":\"https:\\\/\\\/kioz.be\\\/nl\\\/?s={search_term_string}\"},\"query-input\":{\"@type\":\"PropertyValueSpecification\",\"valueRequired\":true,\"valueName\":\"search_term_string\"}}],\"inLanguage\":\"nl-NL\"},{\"@type\":\"Organization\",\"@id\":\"https:\\\/\\\/kioz.be\\\/nl\\\/#organization\",\"name\":\"Kioz\",\"url\":\"https:\\\/\\\/kioz.be\\\/nl\\\/\",\"logo\":{\"@type\":\"ImageObject\",\"inLanguage\":\"nl-NL\",\"@id\":\"https:\\\/\\\/kioz.be\\\/nl\\\/#\\\/schema\\\/logo\\\/image\\\/\",\"url\":\"https:\\\/\\\/kioz.be\\\/wp-content\\\/uploads\\\/2023\\\/08\\\/kioz-logo-1.svg\",\"contentUrl\":\"https:\\\/\\\/kioz.be\\\/wp-content\\\/uploads\\\/2023\\\/08\\\/kioz-logo-1.svg\",\"width\":190,\"height\":81,\"caption\":\"Kioz\"},\"image\":{\"@id\":\"https:\\\/\\\/kioz.be\\\/nl\\\/#\\\/schema\\\/logo\\\/image\\\/\"},\"sameAs\":[\"https:\\\/\\\/www.facebook.com\\\/profile.php?id=100094411551257\",\"https:\\\/\\\/www.instagram.com\\\/kiozenergy\",\"https:\\\/\\\/www.linkedin.com\\\/company\\\/kiozenergy\\\/\"]}]}<\/script>\n<!-- \/ Yoast SEO plugin. -->","yoast_head_json":{"title":"Neem contact op | Kioz","description":"Elke stap naar energie-autonomie begint met \u00e9\u00e9n gesprek. Met jouwgegevens bekijken wij hoe jouw bedrijf vandaag al kan besparen \u00e9n zich wapent voormorgen.","robots":{"index":"index","follow":"follow","max-snippet":"max-snippet:-1","max-image-preview":"max-image-preview:large","max-video-preview":"max-video-preview:-1"},"canonical":"https:\/\/kioz.be\/nl\/contacteer-ons\/","og_locale":"nl_NL","og_type":"article","og_title":"Neem contact op | Kioz","og_description":"Energie-onafhankelijkheid begint met \u00e9\u00e9n gesprek. Of je nu advies zoekt, eeno\ufb00erte wil of gewoon wil weten wat mogelijk is, stuur ons gewoon een berichtje.","og_url":"https:\/\/kioz.be\/nl\/contacteer-ons\/","og_site_name":"Kioz","article_publisher":"https:\/\/www.facebook.com\/profile.php?id=100094411551257","article_modified_time":"2026-01-13T12:52:52+00:00","og_image":[{"width":2048,"height":1803,"url":"https:\/\/kioz.be\/wp-content\/uploads\/2023\/09\/casey-horner-6tzGnotyesY-unsplash-scaled.jpg","type":"image\/jpeg"}],"twitter_card":"summary_large_image","twitter_misc":{"Geschatte leestijd":"1 minuut"},"schema":{"@context":"https:\/\/schema.org","@graph":[{"@type":"WebPage","@id":"https:\/\/kioz.be\/nl\/contacteer-ons\/","url":"https:\/\/kioz.be\/nl\/contacteer-ons\/","name":"Neem contact op | Kioz","isPartOf":{"@id":"https:\/\/kioz.be\/nl\/#website"},"primaryImageOfPage":{"@id":"https:\/\/kioz.be\/nl\/contacteer-ons\/#primaryimage"},"image":{"@id":"https:\/\/kioz.be\/nl\/contacteer-ons\/#primaryimage"},"thumbnailUrl":"https:\/\/kioz.be\/wp-content\/uploads\/2023\/09\/casey-horner-6tzGnotyesY-unsplash-scaled.jpg","datePublished":"2023-08-31T08:58:18+00:00","dateModified":"2026-01-13T12:52:52+00:00","description":"Elke stap naar energie-autonomie begint met \u00e9\u00e9n gesprek. Met jouwgegevens bekijken wij hoe jouw bedrijf vandaag al kan besparen \u00e9n zich wapent voormorgen.","breadcrumb":{"@id":"https:\/\/kioz.be\/nl\/contacteer-ons\/#breadcrumb"},"inLanguage":"nl-NL","potentialAction":[{"@type":"ReadAction","target":["https:\/\/kioz.be\/nl\/contacteer-ons\/"]}]},{"@type":"ImageObject","inLanguage":"nl-NL","@id":"https:\/\/kioz.be\/nl\/contacteer-ons\/#primaryimage","url":"https:\/\/kioz.be\/wp-content\/uploads\/2023\/09\/casey-horner-6tzGnotyesY-unsplash-scaled.jpg","contentUrl":"https:\/\/kioz.be\/wp-content\/uploads\/2023\/09\/casey-horner-6tzGnotyesY-unsplash-scaled.jpg","width":2048,"height":1803},{"@type":"BreadcrumbList","@id":"https:\/\/kioz.be\/nl\/contacteer-ons\/#breadcrumb","itemListElement":[{"@type":"ListItem","position":1,"name":"Home","item":"https:\/\/kioz.be\/nl\/"},{"@type":"ListItem","position":2,"name":"Contacteer ons"}]},{"@type":"WebSite","@id":"https:\/\/kioz.be\/nl\/#website","url":"https:\/\/kioz.be\/nl\/","name":"Kioz","description":"","publisher":{"@id":"https:\/\/kioz.be\/nl\/#organization"},"potentialAction":[{"@type":"SearchAction","target":{"@type":"EntryPoint","urlTemplate":"https:\/\/kioz.be\/nl\/?s={search_term_string}"},"query-input":{"@type":"PropertyValueSpecification","valueRequired":true,"valueName":"search_term_string"}}],"inLanguage":"nl-NL"},{"@type":"Organization","@id":"https:\/\/kioz.be\/nl\/#organization","name":"Kioz","url":"https:\/\/kioz.be\/nl\/","logo":{"@type":"ImageObject","inLanguage":"nl-NL","@id":"https:\/\/kioz.be\/nl\/#\/schema\/logo\/image\/","url":"https:\/\/kioz.be\/wp-content\/uploads\/2023\/08\/kioz-logo-1.svg","contentUrl":"https:\/\/kioz.be\/wp-content\/uploads\/2023\/08\/kioz-logo-1.svg","width":190,"height":81,"caption":"Kioz"},"image":{"@id":"https:\/\/kioz.be\/nl\/#\/schema\/logo\/image\/"},"sameAs":["https:\/\/www.facebook.com\/profile.php?id=100094411551257","https:\/\/www.instagram.com\/kiozenergy","https:\/\/www.linkedin.com\/company\/kiozenergy\/"]}]}},"_links":{"self":[{"href":"https:\/\/kioz.be\/nl\/wp-json\/wp\/v2\/pages\/25","targetHints":{"allow":["GET"]}}],"collection":[{"href":"https:\/\/kioz.be\/nl\/wp-json\/wp\/v2\/pages"}],"about":[{"href":"https:\/\/kioz.be\/nl\/wp-json\/wp\/v2\/types\/page"}],"author":[{"embeddable":true,"href":"https:\/\/kioz.be\/nl\/wp-json\/wp\/v2\/users\/1"}],"replies":[{"embeddable":true,"href":"https:\/\/kioz.be\/nl\/wp-json\/wp\/v2\/comments?post=25"}],"version-history":[{"count":77,"href":"https:\/\/kioz.be\/nl\/wp-json\/wp\/v2\/pages\/25\/revisions"}],"predecessor-version":[{"id":2509,"href":"https:\/\/kioz.be\/nl\/wp-json\/wp\/v2\/pages\/25\/revisions\/2509"}],"wp:featuredmedia":[{"embeddable":true,"href":"https:\/\/kioz.be\/nl\/wp-json\/wp\/v2\/media\/1234"}],"wp:attachment":[{"href":"https:\/\/kioz.be\/nl\/wp-json\/wp\/v2\/media?parent=25"}],"curies":[{"name":"wp","href":"https:\/\/api.w.org\/{rel}","templated":true}]}}